{"id":247,"date":"2022-05-13T14:39:20","date_gmt":"2022-05-13T14:39:20","guid":{"rendered":"https:\/\/preview.treethemes.com\/hazel\/demo15\/?page_id=247"},"modified":"2023-03-15T15:00:47","modified_gmt":"2023-03-15T15:00:47","slug":"home","status":"publish","type":"page","link":"https:\/\/rb3029.s3.regiobiznes.com.pl\/","title":{"rendered":"Strona g\u0142\u00f3wna"},"content":{"rendered":"<section class=\"wpb-content-wrapper\"><p>[vc_row bg_type=&#8221;image&#8221; parallax_style=&#8221;vcpb-default&#8221; bg_image_new=&#8221;id^519|url^https:\/\/rb3029.s3.regiobiznes.com.pl\/wp-content\/uploads\/2022\/05\/redd-5U_28ojjgms-unsplash.jpg|caption^null|alt^null|title^redd-5U_28ojjgms-unsplash|description^null&#8221; bg_image_repeat=&#8221;no-repeat&#8221; bg_override=&#8221;ex-full&#8221; enable_overlay=&#8221;enable_overlay_value&#8221; overlay_color=&#8221;rgba(0,0,0,0.4)&#8221; css=&#8221;.vc_custom_1674284596521{padding-top: 50px !important;}&#8221;][vc_column][vc_empty_space height=&#8221;200px&#8221;]<div class=\"ult-animation  ult-animate-viewport  ult-no-mobile \" data-animate=\"fadeInUp\" data-animation-delay=\"0.3\" data-animation-duration=\"1\" data-animation-iteration=\"1\" style=\"opacity:0;\" data-opacity_start_effect=\"\">[vc_custom_heading text=&#8221;Fabryka konstrukcji drewnianych&#8221; font_container=&#8221;tag:h5|text_align:left|color:%23e0e0e0&#8243; use_theme_fonts=&#8221;yes&#8221;][vc_custom_heading text=&#8221;Domy Jednorodzinne&#8221; font_container=&#8221;tag:h2|font_size:120|text_align:left|color:%23ffffff|line_height:1.05em&#8221; use_theme_fonts=&#8221;yes&#8221;]<\/div>[vc_separator color=&#8221;custom&#8221; align=&#8221;align_left&#8221; border_width=&#8221;10&#8243; el_width=&#8221;40&#8243; css_animation=&#8221;fadeInLeft&#8221; accent_color=&#8221;__USE_THEME_MAIN_COLOR__&#8221;][vc_empty_space height=&#8221;150px&#8221;][\/vc_column][\/vc_row][vc_row css=&#8221;.vc_custom_1674285788158{padding-top: 50px !important;padding-bottom: 100px !important;}&#8221;][vc_column width=&#8221;1\/2&#8243;]<div class=\"ult-animation  ult-animate-viewport  ult-no-mobile \" data-animate=\"fadeInUp\" data-animation-delay=\"0.3\" data-animation-duration=\"1\" data-animation-iteration=\"1\" style=\"opacity:0;\" data-opacity_start_effect=\"\">[vc_custom_heading text=&#8221;Domy szkieletowe&#8221; font_container=&#8221;tag:h5|text_align:left&#8221; use_theme_fonts=&#8221;yes&#8221;][vc_empty_space height=&#8221;25px&#8221;][vc_column_text]Domy szkieletowe w Polsce zyskuj\u0105 coraz to wi\u0119ksz\u0105 popularno\u015b\u0107, s\u0105 one doskona\u0142\u0105 alternatyw\u0105 dla dom\u00f3w murowanych. Charakteryzuj\u0105 si\u0119 one bardzo dobrymi wsp\u00f3\u0142czynnikami izolacji termicznej, dzi\u0119ki czemu ich eksploatacja staje si\u0119 bardzo ekonomiczna.<br \/>\nDom szkieletowy jak sama nazwa wskazuje opiera si\u0119 na szkielecie wykonanym z belek drewnianych o r\u00f3\u017cnym przekroju. Jest to lekka konstrukcja, kt\u00f3r\u0105 stawia si\u0119 na wcze\u015bniej przygotowanej p\u0142ycie fundamentowej. Warunkiem koniecznym przy budowie domu szkieletowego jest u\u017cycie wysokiej jako\u015bci materia\u0142\u00f3w, poniewa\u017c to w\u0142a\u015bnie one znacz\u0105co wp\u0142ywaj\u0105 na p\u00f3\u017aniejszy komfort u\u017cytkowania. Do budowy \u201eszkielet\u00f3wki\u201d nale\u017cy u\u017cy\u0107 odpowiednio przygotowanego drewna, kt\u00f3re zostaje poddane obr\u00f3bce termicznej (suszenie komorowe), struganie czterostronna oraz fazowanie kraw\u0119dzi.<br \/>\nPoprawnie zaprojektowany i wybudowany zgodnie ze sztuk\u0105 dom szkieletowy pos\u0142u\u017cy jeszcze naszym prawnukom. Mitem jest, \u017ce domy szkieletowe s\u0105 \u0142atwopalne, czy te\u017c bardziej nara\u017cone na warunki atmosferyczne. Dobrze wybudowana \u201eszkielet\u00f3wka\u201d b\u0119dzie tak samo trwa\u0142a i wytrzyma\u0142a jak dom murowany.<\/p>\n<p><a href=\"https:\/\/rb3029.s3.regiobiznes.com.pl\/domy-szkieletowe\/\">czytaj wi\u0119cej<\/a>[\/vc_column_text]<\/div>[\/vc_column][vc_column width=&#8221;1\/2&#8243;]<div class=\"ult-spacer spacer-69945f3319343\" data-id=\"69945f3319343\" data-height=\"0\" data-height-mobile=\"60\" data-height-tab=\"\" data-height-tab-portrait=\"\" data-height-mobile-landscape=\"60\" style=\"clear:both;display:block;\"><\/div><div class=\"ult-animation  ult-animate-viewport  ult-no-mobile \" data-animate=\"fadeInUp\" data-animation-delay=\"0.3\" data-animation-duration=\"1\" data-animation-iteration=\"1\" style=\"opacity:0;\" data-opacity_start_effect=\"\">[vc_custom_heading text=&#8221;Domy w technologii CLT&#8221; font_container=&#8221;tag:h5|text_align:left&#8221; use_theme_fonts=&#8221;yes&#8221;][vc_empty_space height=&#8221;25px&#8221;][vc_column_text]Budownictwo z masywnego drewna CLT, s\u0105 to konstrukcyjne, wielkoformatowe p\u0142yty klejone krzy\u017cowo. Oznacza to, \u017ce wysuszone lamele uk\u0142adane s\u0105 warstwami, przy czym poszczeg\u00f3lne warstwy s\u0105 przestawione wzgl\u0119dem siebie o 90 stopni. S\u0105 one w 100% wyprodukowane z litego drewna, wysuszonego do 8% wilgotno\u015bci. Swoje zastosowanie znajduj\u0105 w budowie \u015bcian, strop\u00f3w, dachu. Ogromn\u0105 zalet\u0105 jest kr\u00f3tki czas budowy. Gotowe panele dostarczane s\u0105 bezpo\u015brednio na plac budowy, gdzie w ci\u0105gu zaledwie kilku godzin, przy pomocy d\u017awigu montuje si\u0119 ca\u0142y dom.<\/p>\n<p><a href=\"https:\/\/rb3029.s3.regiobiznes.com.pl\/domy-w-technologii-clt\/\">czytaj wi\u0119cej<\/a>[\/vc_column_text]<\/div>[\/vc_column][\/vc_row]<\/p>\n<\/section>","protected":false},"excerpt":{"rendered":"<p>[vc_row bg_type=&#8221;image&#8221; parallax_style=&#8221;vcpb-default&#8221; bg_image_new=&#8221;id^519|url^https:\/\/rb3029.s3.regiobiznes.com.pl\/wp-content\/uploads\/2022\/05\/redd-5U_28ojjgms-unsplash.jpg|caption^null|alt^null|title^redd-5U_28ojjgms-unsplash|description^null&#8221; bg_image_repeat=&#8221;no-repeat&#8221; bg_override=&#8221;ex-full&#8221; enable_overlay=&#8221;enable_overlay_value&#8221; overlay_color=&#8221;rgba(0,0,0,0.4)&#8221; css=&#8221;.vc_custom_1674284596521{padding-top: 50px !important;}&#8221;][vc_column][vc_empty_space height=&#8221;200px&#8221;][vc_separator color=&#8221;custom&#8221; align=&#8221;align_left&#8221; border_width=&#8221;10&#8243; el_width=&#8221;40&#8243; css_animation=&#8221;fadeInLeft&#8221; accent_color=&#8221;__USE_THEME_MAIN_COLOR__&#8221;][vc_empty_space height=&#8221;150px&#8221;][\/vc_column][\/vc_row][vc_row css=&#8221;.vc_custom_1674285788158{padding-top: 50px !important;padding-bottom: 100px !important;}&#8221;][vc_column width=&#8221;1\/2&#8243;][\/vc_column][vc_column width=&#8221;1\/2&#8243;][\/vc_column][\/vc_row]<\/p>\n","protected":false},"author":2,"featured_media":0,"parent":0,"menu_order":0,"comment_status":"closed","ping_status":"closed","template":"template-home.php","meta":{"footnotes":""},"class_list":["post-247","page","type-page","status-publish","hentry"],"_links":{"self":[{"href":"https:\/\/rb3029.s3.regiobiznes.com.pl\/wp-json\/wp\/v2\/pages\/247","targetHints":{"allow":["GET"]}}],"collection":[{"href":"https:\/\/rb3029.s3.regiobiznes.com.pl\/wp-json\/wp\/v2\/pages"}],"about":[{"href":"https:\/\/rb3029.s3.regiobiznes.com.pl\/wp-json\/wp\/v2\/types\/page"}],"author":[{"embeddable":true,"href":"https:\/\/rb3029.s3.regiobiznes.com.pl\/wp-json\/wp\/v2\/users\/2"}],"replies":[{"embeddable":true,"href":"https:\/\/rb3029.s3.regiobiznes.com.pl\/wp-json\/wp\/v2\/comments?post=247"}],"version-history":[{"count":24,"href":"https:\/\/rb3029.s3.regiobiznes.com.pl\/wp-json\/wp\/v2\/pages\/247\/revisions"}],"predecessor-version":[{"id":754,"href":"https:\/\/rb3029.s3.regiobiznes.com.pl\/wp-json\/wp\/v2\/pages\/247\/revisions\/754"}],"wp:attachment":[{"href":"https:\/\/rb3029.s3.regiobiznes.com.pl\/wp-json\/wp\/v2\/media?parent=247"}],"curies":[{"name":"wp","href":"https:\/\/api.w.org\/{rel}","templated":true}]}}