{"id":734,"date":"2023-03-01T11:41:05","date_gmt":"2023-03-01T11:41:05","guid":{"rendered":"https:\/\/rb3029.s3.regiobiznes.com.pl\/?page_id=734"},"modified":"2023-03-17T08:08:19","modified_gmt":"2023-03-17T08:08:19","slug":"domy-szkieletowe","status":"publish","type":"page","link":"https:\/\/rb3029.s3.regiobiznes.com.pl\/domy-szkieletowe\/","title":{"rendered":"Domy szkieletowe"},"content":{"rendered":"<section class=\"wpb-content-wrapper\"><p>[vc_row bg_type=&#8221;image&#8221; parallax_style=&#8221;vcpb-default&#8221; bg_image_new=&#8221;id^519|url^https:\/\/rb3029.s3.regiobiznes.com.pl\/wp-content\/uploads\/2022\/05\/redd-5U_28ojjgms-unsplash.jpg|caption^null|alt^null|title^redd-5U_28ojjgms-unsplash|description^null&#8221; bg_image_repeat=&#8221;no-repeat&#8221; bg_override=&#8221;ex-full&#8221; enable_overlay=&#8221;enable_overlay_value&#8221; overlay_color=&#8221;rgba(0,0,0,0.4)&#8221; css=&#8221;.vc_custom_1674284596521{padding-top: 50px !important;}&#8221;][vc_column][vc_empty_space height=&#8221;100px&#8221;]<div class=\"ult-animation  ult-animate-viewport  ult-no-mobile \" data-animate=\"fadeInUp\" data-animation-delay=\"0.3\" data-animation-duration=\"1\" data-animation-iteration=\"1\" style=\"opacity:0;\" data-opacity_start_effect=\"\">[vc_custom_heading text=&#8221;Domy jednorodzinne&#8221; font_container=&#8221;tag:h5|text_align:left|color:%23e0e0e0&#8243; use_theme_fonts=&#8221;yes&#8221;][vc_custom_heading text=&#8221;Domy szkieletowe&#8221; font_container=&#8221;tag:h2|text_align:left|color:%23fcfcfc|line_height:1.25em&#8221; use_theme_fonts=&#8221;yes&#8221;]<\/div>[vc_empty_space height=&#8221;100px&#8221;][\/vc_column][\/vc_row][vc_row css=&#8221;.vc_custom_1677673818023{padding-top: 50px !important;padding-bottom: 50px !important;}&#8221;][vc_column]<div class=\"ult-animation  ult-animate-viewport  ult-no-mobile \" data-animate=\"fadeInUp\" data-animation-delay=\"0.3\" data-animation-duration=\"1\" data-animation-iteration=\"1\" style=\"opacity:0;\" data-opacity_start_effect=\"\">[vc_empty_space height=&#8221;25px&#8221;][vc_column_text]Domy szkieletowe to nowoczesny system budownictwa, kt\u00f3ry zyska\u0142 uznanie w wielu krajach zachodnich jaki i skandynawskich. Budownictwo to posiada wiele zalet mi\u0119dzy innymi:<\/p>\n<p><strong>&#8211; szybko\u015b\u0107 budowy<\/strong><\/p>\n<p>Bez w\u0105tpienia jedna z podstawowych zalet budownictwa szkieletowego to jego szybko\u015b\u0107 wykonania. W naszej firmie ca\u0142o\u015b\u0107 produkcji jest skomputeryzowana od fazy projektowej poprzez wykonawstwo na maszynach cnc. Wi\u0119kszo\u015b\u0107 procesu budowlanego odbywa si\u0119 w hali monta\u017cowej. Gotowe elementy jada na plac budowy gdzie s\u0105 montowane na uprzednio wylanej p\u0142ycie betonowej.<\/p>\n<p><strong>&#8211; zastosowanie podczas budowy tylko materia\u0142\u00f3w suchych<\/strong><\/p>\n<p>W budownictwie szkieletowym stosujemy w g\u0142\u00f3wnej mierze materia\u0142y suche takie jak drewno, p\u0142yta gipsowo-kartonowa, p\u0142yta OSB itp. W zwi\u0105zku z czym nie ma potrzeby przerywania prac na okres schni\u0119cia np. tynk\u00f3w. Ma to znaczenie w przypadku gdy jeste\u015bmy nastawienia na szybki czas budowy domu, nadto nie wprowadzamy dodatkowej wilgoci do wn\u0119trza domu, przez co jest on gotowy do u\u017cytkowania zaraz po zako\u0144czeniu prac wyko\u0144czeniowych.<\/p>\n<p><strong>&#8211; lekko\u015b\u0107 konstrukcji<\/strong><\/p>\n<p>Lekko\u015b\u0107 konstrukcji to nie tylko slogan, lecz istotny parametr maj\u0105cy wp\u0142yw na cen\u0119 domu. Dzi\u0119ki temu \u017ce konstrukcja jest lekka mo\u017cemy zrezygnowa\u0107 z masywnych fundament\u00f3w na rzecz lekkich monolitycznych lub s\u0142upowych. Ma to wp\u0142yw zar\u00f3wno na cen\u0119 jaki i czas wykonania.<\/p>\n<p><strong>&#8211; brak bezw\u0142adno\u015bci cieplnej<\/strong><\/p>\n<p>Brak bezw\u0142adno\u015bci to zaleta ale r\u00f3wnie\u017c wada. Bezw\u0142adno\u015b\u0107 domu polega na tym, \u017ce nie ogrzewamy \u015bcian domu lecz jedynie powietrze, kt\u00f3re znajduje si\u0119 w jego wn\u0119trzu powoduje to, \u017ce dom szybko osi\u0105ga temperatur\u0119 u\u017cytkow\u0105 jednak\u017ce r\u00f3wnie szybko j\u0105 traci, gdy\u017c drewno nie akumuluje ciep\u0142a. Czas potrzebny do uzyskania temperatury pokojowej jest w domu o wiele szybszy ni\u017c w domu murowanym.<\/p>\n<p><strong>&#8211; energooszcz\u0119dno\u015b\u0107<\/strong><\/p>\n<p>Energooszcz\u0119dno\u015b\u0107 to po za szybko\u015bci\u0105 budowy drugi bardzo wa\u017cny czynnik przemawiaj\u0105cy za domem szkieletowym. W budownictwie szkieletowym bardzo \u0142atwo mo\u017cna uzyska\u0107 parametr pasywno\u015bci domu czyli uzyskanie zu\u017cycia energii do ogrzewania \u2013 poni\u017cej 15 kWh\/(m\u00b2\u2022rok). Oznacza to, \u017ce w przeci\u0105gu sezonu grzewczego do ogrzania jednego metra kwadratowego mieszkania potrzeba 15 kWh, co odpowiada spaleniu 1,5 l oleju opa\u0142owego, b\u0105d\u017a 1,7 m\u00b3 gazu ziemnego, czy te\u017c 2,3 kg w\u0119gla. Dla por\u00f3wnania, zapotrzebowanie na ciep\u0142o dla budynk\u00f3w konwencjonalnych budowanych obecnie wynosi oko\u0142o 120 kWh\/(m\u00b2\u2022rok). Istot\u0105 budownictwa pasywnego jest maksymalizacja zysk\u00f3w energetycznych i ograniczenie strat ciep\u0142a. Aby to osi\u0105gn\u0105\u0107 wszystkie przegrody zewn\u0119trzne posiadaj\u0105 niski wsp\u00f3\u0142czynnik przenikania ciep\u0142a.<\/p>\n<p><strong>&#8211; nieograniczone mo\u017cliwo\u015bci architektoniczne<\/strong><\/p>\n<p>Drewno jako budulec daje nieograniczona mo\u017cliwo\u015bci architektoniczne. Praktycznie ka\u017cdy zamys\u0142 architekta jest do zrealizowania. Niska waga du\u017ca wytrzyma\u0142o\u015b\u0107, oraz \u0142atwo\u015b\u0107 w obr\u00f3bce powoduj\u0105, \u017ce dla budownictwa drewnianego nie ma barier architektonicznych. Nadto warto zauwa\u017cy\u0107, \u017ce zastosowanie drewna w domu sprzyja stworzenia atmosfery ciep\u0142a i komfortu. Przebywanie w pomieszczeniach gdzie drewno jest widoczne daje poczucie spokoju oraz kontaktu z natur\u0105.<\/p>\n<p><strong>&#8211; \u0142atwo\u015b\u0107 przebudowy lub modernizacji<\/strong><\/p>\n<p>Dom szkieletowy mo\u017cna bardzo \u0142atwo przebudowa\u0107, zmiana miejsca kontaktu, w\u0142\u0105cznika lub doprowadzenie \u015bwiat\u0142a w inne miejsce zajmuje kilkana\u015bcie minut, nie musimy ku\u0107 \u015bcian, tylko wycinamy otw\u00f3r w p\u0142ycie g\/k osadzamy nowe gniazdko a dziur\u0119 po starym szpachlujemy. R\u00f3wnie\u017c rozbudowa domu nie stanowi wi\u0119kszego problemu, szybko\u015b\u0107 monta\u017cu nowych element\u00f3w oraz i ich prefabrykacja pozwala na wykonanie modernizacji domu w kr\u00f3tkim okresie.<\/p>\n<p><strong>&#8211; mo\u017cliwo\u015b\u0107 budowy nawet w zimie<\/strong><\/p>\n<p>Gotowe elementy domu zawo\u017cone s\u0105 bezpo\u015brednio na plac budowy, w zwi\u0105zku z tym \u017ce monta\u017c jest \u0142atwy i szybki mo\u017cemy wykonywa\u0107 prace zwi\u0105zane z budow\u0105 nawet zim\u0105.<\/p>\n<p>Oczywi\u015bcie budownictwo szkieletowe to nie tylko same zalety ale, r\u00f3wnie\u017c wady<\/p>\n<p><strong>&#8211; technologia ma\u0142o popularna na terenie Polski<\/strong><\/p>\n<p>Na terenie Polski dotychczas w znikomym stopniu by\u0142o stosowane budownictwo drewniane, a szkieletowe by\u0142o dotychczas rzadko\u015bci\u0105. Spowodowane to zapewne by\u0142o przekonaniem spo\u0142ecze\u0144stwa o ma\u0142ej \u017cywotno\u015bci dom\u00f3w szkieletowych, brak r\u00f3wnie\u017c tradycji budownictwa drewnianego ( poza nielicznymi regionami), a co za tym idzie brak nowoczesnych technologii obr\u00f3bczych spowodowa\u0142, \u017ce tego typu budownictwo jest w Polsce ma\u0142o popularne. Jednak\u017ce w ostatnim okresie mo\u017cemy odnotowa\u0107 wzrost zainteresowanie tanim i szybkim budownictwem, nap\u0142yw nowoczesnych technologii, oraz przede wszystkim dost\u0119pno\u015b\u0107 do nowoczesnych materia\u0142\u00f3w budowlanych ( p\u0142yty drewnopochodne, p\u0142yty elewacyjne, ekologiczne materia\u0142y dociepleniowe) daje nadziej\u0119 na rozw\u00f3j tej branzy.<\/p>\n<p><strong>&#8211; technologia wysublimowana<\/strong><\/p>\n<p>Oznacza to, \u017ce budownictwo szkieletowe jest szybkie co nie znaczy ma\u0142o dok\u0142adne. Tyko produkcja dom\u00f3w na maszynach cyfrowo sterowanych daje nam pewno\u015b\u0107, \u017ce na placu budowy monta\u017c domu odb\u0119dzie si\u0119 bezproblemowo. W zwi\u0105zku z tym, \u017ce wi\u0119kszo\u015b\u0107 element\u00f3w wykonywana jest na hali monta\u017cowej nale\u017cy zachowa\u0107 szczeg\u00f3ln\u0105 nale\u017cno\u015b\u0107 przy zachowaniu wymiar\u00f3w poszczeg\u00f3lnych element\u00f3w. Du\u017ce znaczenie ma r\u00f3wnie\u017c prawid\u0142owo wykonany fundament, w przeciwie\u0144stwie do budownictwa tradycyjnego nie mamy za du\u017cego pola manewru w przypadku nie dok\u0142adnego wykonania fundament\u00f3w. Stosuje si\u0119 co prawda kliny pod podwalin\u0119 celem wypoziomowania \u015bciany budynku jednak\u017ce idealn\u0105 sytuacj\u0105 jest gdy podwalina na ca\u0142ej swojej d\u0142ugo\u015bci opiera si\u0119 na fundamencie.<\/p>\n<p><strong>&#8211; szybko rosn\u0105ce ceny surowc\u00f3w<\/strong><\/p>\n<p>Wzrost zapotrzebowania na drewno nie tylko do budownictwa, ale r\u00f3wnie\u017c jako ekologicznego surowca opa\u0142owego spowodowa\u0142 w ostatnim okresie wzrost cen drewna KVH wykorzystywanego w budownictwie szkieletowym. Dalej utrzymuj\u0105ca si\u0119 koniunktura na surowce mo\u017ce spowodowa\u0107, \u017ce budownictwo szkieletowe b\u0119dzie coraz mniej konkurencyjne do budownictwa tradycyjnego[\/vc_column_text]<\/div>[\/vc_column][\/vc_row]<\/p>\n<\/section>","protected":false},"excerpt":{"rendered":"<p>[vc_row bg_type=&#8221;image&#8221; parallax_style=&#8221;vcpb-default&#8221; bg_image_new=&#8221;id^519|url^https:\/\/rb3029.s3.regiobiznes.com.pl\/wp-content\/uploads\/2022\/05\/redd-5U_28ojjgms-unsplash.jpg|caption^null|alt^null|title^redd-5U_28ojjgms-unsplash|description^null&#8221; bg_image_repeat=&#8221;no-repeat&#8221; bg_override=&#8221;ex-full&#8221; enable_overlay=&#8221;enable_overlay_value&#8221; overlay_color=&#8221;rgba(0,0,0,0.4)&#8221; css=&#8221;.vc_custom_1674284596521{padding-top: 50px !important;}&#8221;][vc_column][vc_empty_space height=&#8221;100px&#8221;][vc_empty_space height=&#8221;100px&#8221;][\/vc_column][\/vc_row][vc_row css=&#8221;.vc_custom_1677673818023{padding-top: 50px !important;padding-bottom: 50px !important;}&#8221;][vc_column][\/vc_column][\/vc_row]<\/p>\n","protected":false},"author":1,"featured_media":0,"parent":0,"menu_order":0,"comment_status":"closed","ping_status":"closed","template":"page.php","meta":{"footnotes":""},"class_list":["post-734","page","type-page","status-publish","hentry"],"_links":{"self":[{"href":"https:\/\/rb3029.s3.regiobiznes.com.pl\/wp-json\/wp\/v2\/pages\/734","targetHints":{"allow":["GET"]}}],"collection":[{"href":"https:\/\/rb3029.s3.regiobiznes.com.pl\/wp-json\/wp\/v2\/pages"}],"about":[{"href":"https:\/\/rb3029.s3.regiobiznes.com.pl\/wp-json\/wp\/v2\/types\/page"}],"author":[{"embeddable":true,"href":"https:\/\/rb3029.s3.regiobiznes.com.pl\/wp-json\/wp\/v2\/users\/1"}],"replies":[{"embeddable":true,"href":"https:\/\/rb3029.s3.regiobiznes.com.pl\/wp-json\/wp\/v2\/comments?post=734"}],"version-history":[{"count":7,"href":"https:\/\/rb3029.s3.regiobiznes.com.pl\/wp-json\/wp\/v2\/pages\/734\/revisions"}],"predecessor-version":[{"id":796,"href":"https:\/\/rb3029.s3.regiobiznes.com.pl\/wp-json\/wp\/v2\/pages\/734\/revisions\/796"}],"wp:attachment":[{"href":"https:\/\/rb3029.s3.regiobiznes.com.pl\/wp-json\/wp\/v2\/media?parent=734"}],"curies":[{"name":"wp","href":"https:\/\/api.w.org\/{rel}","templated":true}]}}