{"id":736,"date":"2023-03-01T11:41:41","date_gmt":"2023-03-01T11:41:41","guid":{"rendered":"https:\/\/rb3029.s3.regiobiznes.com.pl\/?page_id=736"},"modified":"2023-03-17T08:27:22","modified_gmt":"2023-03-17T08:27:22","slug":"domy-w-technologii-clt","status":"publish","type":"page","link":"https:\/\/rb3029.s3.regiobiznes.com.pl\/domy-w-technologii-clt\/","title":{"rendered":"Domy w technologii CLT"},"content":{"rendered":"<section class=\"wpb-content-wrapper\"><p>[vc_row bg_type=&#8221;image&#8221; parallax_style=&#8221;vcpb-default&#8221; bg_image_new=&#8221;id^519|url^https:\/\/rb3029.s3.regiobiznes.com.pl\/wp-content\/uploads\/2022\/05\/redd-5U_28ojjgms-unsplash.jpg|caption^null|alt^null|title^redd-5U_28ojjgms-unsplash|description^null&#8221; bg_image_repeat=&#8221;no-repeat&#8221; bg_override=&#8221;ex-full&#8221; enable_overlay=&#8221;enable_overlay_value&#8221; overlay_color=&#8221;rgba(0,0,0,0.4)&#8221; css=&#8221;.vc_custom_1674284596521{padding-top: 50px !important;}&#8221;][vc_column][vc_empty_space height=&#8221;100px&#8221;]<div class=\"ult-animation  ult-animate-viewport  ult-no-mobile \" data-animate=\"fadeInUp\" data-animation-delay=\"0.3\" data-animation-duration=\"1\" data-animation-iteration=\"1\" style=\"opacity:0;\" data-opacity_start_effect=\"\">[vc_custom_heading text=&#8221;Domy jednorodzinne&#8221; font_container=&#8221;tag:h5|text_align:left|color:%23e0e0e0&#8243; use_theme_fonts=&#8221;yes&#8221;][vc_custom_heading text=&#8221;Domy w technologii CLT&#8221; font_container=&#8221;tag:h2|text_align:left|color:%23fcfcfc|line_height:1.25em&#8221; use_theme_fonts=&#8221;yes&#8221;]<\/div>[vc_empty_space height=&#8221;100px&#8221;][\/vc_column][\/vc_row][vc_row css=&#8221;.vc_custom_1679041641187{padding-top: 50px !important;}&#8221;][vc_column]<div class=\"ult-animation  ult-animate-viewport  ult-no-mobile \" data-animate=\"fadeInUp\" data-animation-delay=\"0.3\" data-animation-duration=\"1\" data-animation-iteration=\"1\" style=\"opacity:0;\" data-opacity_start_effect=\"\">[vc_empty_space height=&#8221;25px&#8221;][vc_column_text]Budownictwo z masywnego drewna CLT, s\u0105 to konstrukcyjne, wielkoformatowe p\u0142yty klejone krzy\u017cowo. Oznacza to, \u017ce wysuszone lamele uk\u0142adane s\u0105 warstwami, przy czym poszczeg\u00f3lne warstwy s\u0105 przestawione wzgl\u0119dem siebie o k\u0105t 90o. S\u0105 one w 100% wyprodukowane z litego drewna, wysuszonego do 8% wilgotno\u015bci. Swoje zastosowanie znajduj\u0105 w budowie \u015bcian, strop\u00f3w, dachu.<\/p>\n<p>Ogromn\u0105 zalet\u0105 jest kr\u00f3tki czas budowy. Gotowe panele dostarczane s\u0105 bezpo\u015brednio na plac budowy, gdzie w ci\u0105gu zaledwie kilku godzin, przy pomocy d\u017awigu montuje si\u0119 ca\u0142y dom.[\/vc_column_text]<\/div>[\/vc_column][\/vc_row][vc_row css=&#8221;.vc_custom_1679041580748{padding-bottom: 50px !important;}&#8221;][vc_column]<div class=\"ult-animation  ult-animate-viewport  ult-no-mobile \" data-animate=\"fadeInUp\" data-animation-delay=\"0.3\" data-animation-duration=\"1\" data-animation-iteration=\"1\" style=\"opacity:0;\" data-opacity_start_effect=\"\">[vc_empty_space height=&#8221;25px&#8221;][vc_column_text]Zalety technologii CLT<\/p>\n<p><strong>&#8211; Kr\u00f3tki czas realizacji<\/strong><\/p>\n<p>Dzi\u0119ki integralno\u015bci strukturalnej oraz precyzji ci\u0119cia eliminuje si\u0119 wady, przez co skraca si\u0119 czas budowy. Gotowe p\u0142yty dostarczane s\u0105 bezpo\u015brednio na plac budowy, gdzie w ci\u0105gu kilku godzin s\u0105 montowane w ca\u0142o\u015b\u0107.<\/p>\n<p><strong>&#8211; Ognioodporno\u015b\u0107<\/strong><\/p>\n<p>P\u0142yty CLT dzi\u0119ki swojej strukturze s\u0105 bardzo odporne na wysokie temperatury. Podczas po\u017caru zw\u0119gla si\u0119 tylko zewn\u0119trzna warstwa, a rdze\u0144 p\u0142yty w pe\u0142ni zachowuje zdolno\u015b\u0107 do przenoszenia obci\u0105\u017ce\u0144.<\/p>\n<p><strong>&#8211; Zdrowy mikroklimat<\/strong><\/p>\n<p>Drewno posiada zdolno\u015b\u0107 do samoregulacji wilgotno\u015bci, przez co stwarza przyjazny dla cz\u0142owieka mikroklimat we wn\u0119trzu budynku, kt\u00f3ry niemo\u017cliwy jest do uzyskania w innych technologiach budowy<\/p>\n<p><strong>&#8211; Szczelno\u015b\u0107<\/strong><\/p>\n<p>P\u0142yty CLT spe\u0142niaj\u0105 najwy\u017csze normy szczelno\u015bci budynk\u00f3w pasywnych. Panele same w sobie stanowi\u0105 szczeln\u0105 przegrod\u0119.<\/p>\n<p><strong>&#8211; Dyfuzja pary wodnej<\/strong><\/p>\n<p>Przegroda zbudowana na bazie p\u0142yty CLT nie potrzebuje \u017cadnych szczelnych folii. Nadmiar wilgoci wewn\u0105trz budynku poch\u0142aniany jest przez masywn\u0105 \u015bcian\u0119 oraz w razie nadmiaru przekazywany na zewn\u0105trz.<\/p>\n<p><strong>&#8211; Trwa\u0142o\u015b\u0107<\/strong><\/p>\n<p>P\u0142yt\u0119 CLT traktuje si\u0119 pod wzgl\u0119dem trwa\u0142o\u015bci tak samo jak stal czy beton. Dom wybudowany w technologii CLT mo\u017ce pos\u0142u\u017cy\u0107 tyle co murowany, a nawet d\u0142u\u017cej.[\/vc_column_text]<\/div>[\/vc_column][\/vc_row]<\/p>\n<\/section>","protected":false},"excerpt":{"rendered":"<p>[vc_row bg_type=&#8221;image&#8221; parallax_style=&#8221;vcpb-default&#8221; bg_image_new=&#8221;id^519|url^https:\/\/rb3029.s3.regiobiznes.com.pl\/wp-content\/uploads\/2022\/05\/redd-5U_28ojjgms-unsplash.jpg|caption^null|alt^null|title^redd-5U_28ojjgms-unsplash|description^null&#8221; bg_image_repeat=&#8221;no-repeat&#8221; bg_override=&#8221;ex-full&#8221; enable_overlay=&#8221;enable_overlay_value&#8221; overlay_color=&#8221;rgba(0,0,0,0.4)&#8221; css=&#8221;.vc_custom_1674284596521{padding-top: 50px !important;}&#8221;][vc_column][vc_empty_space height=&#8221;100px&#8221;][vc_empty_space height=&#8221;100px&#8221;][\/vc_column][\/vc_row][vc_row css=&#8221;.vc_custom_1679041641187{padding-top: 50px !important;}&#8221;][vc_column][\/vc_column][\/vc_row][vc_row css=&#8221;.vc_custom_1679041580748{padding-bottom: 50px !important;}&#8221;][vc_column][\/vc_column][\/vc_row]<\/p>\n","protected":false},"author":1,"featured_media":0,"parent":0,"menu_order":0,"comment_status":"closed","ping_status":"closed","template":"page.php","meta":{"footnotes":""},"class_list":["post-736","page","type-page","status-publish","hentry"],"_links":{"self":[{"href":"https:\/\/rb3029.s3.regiobiznes.com.pl\/wp-json\/wp\/v2\/pages\/736","targetHints":{"allow":["GET"]}}],"collection":[{"href":"https:\/\/rb3029.s3.regiobiznes.com.pl\/wp-json\/wp\/v2\/pages"}],"about":[{"href":"https:\/\/rb3029.s3.regiobiznes.com.pl\/wp-json\/wp\/v2\/types\/page"}],"author":[{"embeddable":true,"href":"https:\/\/rb3029.s3.regiobiznes.com.pl\/wp-json\/wp\/v2\/users\/1"}],"replies":[{"embeddable":true,"href":"https:\/\/rb3029.s3.regiobiznes.com.pl\/wp-json\/wp\/v2\/comments?post=736"}],"version-history":[{"count":16,"href":"https:\/\/rb3029.s3.regiobiznes.com.pl\/wp-json\/wp\/v2\/pages\/736\/revisions"}],"predecessor-version":[{"id":801,"href":"https:\/\/rb3029.s3.regiobiznes.com.pl\/wp-json\/wp\/v2\/pages\/736\/revisions\/801"}],"wp:attachment":[{"href":"https:\/\/rb3029.s3.regiobiznes.com.pl\/wp-json\/wp\/v2\/media?parent=736"}],"curies":[{"name":"wp","href":"https:\/\/api.w.org\/{rel}","templated":true}]}}