{"id":247,"date":"2022-05-13T14:39:20","date_gmt":"2022-05-13T14:39:20","guid":{"rendered":"https:\/\/preview.treethemes.com\/hazel\/demo15\/?page_id=247"},"modified":"2023-03-17T07:58:15","modified_gmt":"2023-03-17T07:58:15","slug":"home","status":"publish","type":"page","link":"https:\/\/rb3031.s3.regiobiznes.com.pl\/","title":{"rendered":"Strona g\u0142\u00f3wna"},"content":{"rendered":"<section class=\"wpb-content-wrapper\"><p>[vc_row bg_type=&#8221;image&#8221; parallax_style=&#8221;vcpb-default&#8221; bg_image_new=&#8221;id^847|url^https:\/\/rb3031.s3.regiobiznes.com.pl\/wp-content\/uploads\/2023\/03\/img_0365_optimized-1.jpg|caption^null|alt^null|title^img_0365_optimized|description^null&#8221; bg_image_repeat=&#8221;no-repeat&#8221; bg_override=&#8221;ex-full&#8221; enable_overlay=&#8221;enable_overlay_value&#8221; overlay_color=&#8221;rgba(0,0,0,0.4)&#8221; css=&#8221;.vc_custom_1678977847457{padding-top: 50px !important;}&#8221;][vc_column][vc_empty_space height=&#8221;200px&#8221;]<div class=\"ult-animation  ult-animate-viewport  ult-no-mobile \" data-animate=\"fadeInUp\" data-animation-delay=\"0.3\" data-animation-duration=\"1\" data-animation-iteration=\"1\" style=\"opacity:0;\" data-opacity_start_effect=\"\">[vc_custom_heading text=&#8221;Fabryka konstrukcji drewnianych&#8221; font_container=&#8221;tag:h5|text_align:left|color:%23e0e0e0&#8243; use_theme_fonts=&#8221;yes&#8221;][vc_custom_heading text=&#8221;Konstrukcje drewniane&#8221; font_container=&#8221;tag:h2|font_size:100|text_align:left|color:%23fcfcfc|line_height:1.05em&#8221; use_theme_fonts=&#8221;yes&#8221;]<\/div>[vc_separator color=&#8221;custom&#8221; align=&#8221;align_left&#8221; border_width=&#8221;10&#8243; el_width=&#8221;40&#8243; css_animation=&#8221;fadeInLeft&#8221; accent_color=&#8221;__USE_THEME_MAIN_COLOR__&#8221;][vc_empty_space height=&#8221;150px&#8221;][\/vc_column][\/vc_row][vc_row css=&#8221;.vc_custom_1674295304667{padding-top: 50px !important;padding-bottom: 100px !important;}&#8221;][vc_column width=&#8221;1\/2&#8243;]<div class=\"ult-animation  ult-animate-viewport  ult-no-mobile \" data-animate=\"fadeInUp\" data-animation-delay=\"0.3\" data-animation-duration=\"1\" data-animation-iteration=\"1\" style=\"opacity:0;\" data-opacity_start_effect=\"\">[vc_custom_heading text=&#8221;Budowa hal magazynowych&#8221; font_container=&#8221;tag:h5|text_align:left&#8221; use_theme_fonts=&#8221;yes&#8221;][vc_empty_space height=&#8221;25px&#8221;][vc_column_text]oraz obiekt\u00f3w sportowych o konstrukcji drewnianej to nasza specjalno\u015b\u0107. Nowoczesny system budowy obiekt\u00f3w z drewna klejonego o najwy\u017cszych parametrach, spe\u0142nia wszelkie normy budowlane zar\u00f3wno w zakresie konstrukcyjnym, jak i odporno\u015bci ogniowej.<\/p>\n<p>Proponowane przez nas hale drewniane cechuj\u0105 si\u0119 szybkim monta\u017cem, \u0142adnym efektem wizualnym oraz przede wszystkim praktycznie nieograniczonymi mo\u017cliwo\u015bciami gabarytowymi. Dzi\u0119ki tym cechom jeste\u015bmy w stanie zaspokoi\u0107 potrzeby wszystkich inwestor\u00f3w. Zapewniamy kompleksow\u0105 pomoc od pomys\u0142u, przez projekt hali drewnianej, a\u017c po realizacj\u0119.[\/vc_column_text]<\/div>[\/vc_column][vc_column width=&#8221;1\/2&#8243;]<div class=\"ult-spacer spacer-69945f432f89c\" data-id=\"69945f432f89c\" data-height=\"0\" data-height-mobile=\"60\" data-height-tab=\"\" data-height-tab-portrait=\"\" data-height-mobile-landscape=\"60\" style=\"clear:both;display:block;\"><\/div><div class=\"ult-animation  ult-animate-viewport  ult-no-mobile \" data-animate=\"fadeInUp\" data-animation-delay=\"0.3\" data-animation-duration=\"1\" data-animation-iteration=\"1\" style=\"opacity:0;\" data-opacity_start_effect=\"\">[vc_custom_heading text=&#8221;Budowa hal widowiskowo &#8211; sportowych&#8221; font_container=&#8221;tag:h5|text_align:left&#8221; use_theme_fonts=&#8221;yes&#8221;][vc_empty_space height=&#8221;25px&#8221;][vc_column_text]Budowa hali widowiskowo &#8211; sportowej to przedsi\u0119wzi\u0119cie do kt\u00f3rego realizacji potrzebna jest fachowa wiedza oraz przede wszystkim do\u015bwiadczenie w budowie tego typu obiekt\u00f3w.<\/p>\n<p>Nasza firma spe\u0142nia wszystkie te kryteria.<\/p>\n<p><a href=\"https:\/\/rb3031.s3.regiobiznes.com.pl\/hale-sportowe\/\">czytaj wi\u0119cej<\/a>[\/vc_column_text]<\/div>[\/vc_column][\/vc_row]<\/p>\n<\/section>","protected":false},"excerpt":{"rendered":"<p>[vc_row bg_type=&#8221;image&#8221; parallax_style=&#8221;vcpb-default&#8221; bg_image_new=&#8221;id^847|url^https:\/\/rb3031.s3.regiobiznes.com.pl\/wp-content\/uploads\/2023\/03\/img_0365_optimized-1.jpg|caption^null|alt^null|title^img_0365_optimized|description^null&#8221; bg_image_repeat=&#8221;no-repeat&#8221; bg_override=&#8221;ex-full&#8221; enable_overlay=&#8221;enable_overlay_value&#8221; overlay_color=&#8221;rgba(0,0,0,0.4)&#8221; css=&#8221;.vc_custom_1678977847457{padding-top: 50px !important;}&#8221;][vc_column][vc_empty_space height=&#8221;200px&#8221;][vc_separator color=&#8221;custom&#8221; align=&#8221;align_left&#8221; border_width=&#8221;10&#8243; el_width=&#8221;40&#8243; css_animation=&#8221;fadeInLeft&#8221; accent_color=&#8221;__USE_THEME_MAIN_COLOR__&#8221;][vc_empty_space height=&#8221;150px&#8221;][\/vc_column][\/vc_row][vc_row css=&#8221;.vc_custom_1674295304667{padding-top: 50px !important;padding-bottom: 100px !important;}&#8221;][vc_column width=&#8221;1\/2&#8243;][\/vc_column][vc_column width=&#8221;1\/2&#8243;][\/vc_column][\/vc_row]<\/p>\n","protected":false},"author":2,"featured_media":0,"parent":0,"menu_order":0,"comment_status":"closed","ping_status":"closed","template":"template-home.php","meta":{"footnotes":""},"class_list":["post-247","page","type-page","status-publish","hentry"],"_links":{"self":[{"href":"https:\/\/rb3031.s3.regiobiznes.com.pl\/wp-json\/wp\/v2\/pages\/247","targetHints":{"allow":["GET"]}}],"collection":[{"href":"https:\/\/rb3031.s3.regiobiznes.com.pl\/wp-json\/wp\/v2\/pages"}],"about":[{"href":"https:\/\/rb3031.s3.regiobiznes.com.pl\/wp-json\/wp\/v2\/types\/page"}],"author":[{"embeddable":true,"href":"https:\/\/rb3031.s3.regiobiznes.com.pl\/wp-json\/wp\/v2\/users\/2"}],"replies":[{"embeddable":true,"href":"https:\/\/rb3031.s3.regiobiznes.com.pl\/wp-json\/wp\/v2\/comments?post=247"}],"version-history":[{"count":17,"href":"https:\/\/rb3031.s3.regiobiznes.com.pl\/wp-json\/wp\/v2\/pages\/247\/revisions"}],"predecessor-version":[{"id":866,"href":"https:\/\/rb3031.s3.regiobiznes.com.pl\/wp-json\/wp\/v2\/pages\/247\/revisions\/866"}],"wp:attachment":[{"href":"https:\/\/rb3031.s3.regiobiznes.com.pl\/wp-json\/wp\/v2\/media?parent=247"}],"curies":[{"name":"wp","href":"https:\/\/api.w.org\/{rel}","templated":true}]}}