{"id":259,"date":"2022-05-16T10:45:42","date_gmt":"2022-05-16T10:45:42","guid":{"rendered":"https:\/\/preview.treethemes.com\/hazel\/demo15\/?page_id=259"},"modified":"2023-03-15T15:31:36","modified_gmt":"2023-03-15T15:31:36","slug":"technologia","status":"publish","type":"page","link":"https:\/\/rb3031.s3.regiobiznes.com.pl\/technologia\/","title":{"rendered":"Technologia"},"content":{"rendered":"<section class=\"wpb-content-wrapper\"><p>[vc_row bg_type=&#8221;image&#8221; parallax_style=&#8221;vcpb-default&#8221; bg_image_new=&#8221;id^802|url^https:\/\/rb3031.s3.regiobiznes.com.pl\/wp-content\/uploads\/2023\/03\/dsc_0119_optimized.jpg|caption^null|alt^null|title^dsc_0119_optimized|description^null&#8221; bg_image_repeat=&#8221;no-repeat&#8221; bg_override=&#8221;ex-full&#8221; enable_overlay=&#8221;enable_overlay_value&#8221; overlay_color=&#8221;rgba(0,0,0,0.4)&#8221; css=&#8221;.vc_custom_1677667514796{padding-top: 50px !important;}&#8221;][vc_column][vc_empty_space height=&#8221;100px&#8221;]<div class=\"ult-animation  ult-animate-viewport  ult-no-mobile \" data-animate=\"fadeInUp\" data-animation-delay=\"0.3\" data-animation-duration=\"1\" data-animation-iteration=\"1\" style=\"opacity:0;\" data-opacity_start_effect=\"\">[vc_custom_heading text=&#8221;Konstrukcje drewniane&#8221; font_container=&#8221;tag:h5|text_align:left|color:%23e0e0e0&#8243; use_theme_fonts=&#8221;yes&#8221;][vc_custom_heading text=&#8221;Technologia&#8221; font_container=&#8221;tag:h2|text_align:left|color:%23fcfcfc|line_height:1.25em&#8221; use_theme_fonts=&#8221;yes&#8221;]<\/div>[vc_empty_space height=&#8221;100px&#8221;][\/vc_column][\/vc_row][vc_row css=&#8221;.vc_custom_1674295365647{padding-top: 50px !important;padding-bottom: 100px !important;}&#8221;][vc_column]<div class=\"ult-animation  ult-animate-viewport  ult-no-mobile \" data-animate=\"fadeInUp\" data-animation-delay=\"0.3\" data-animation-duration=\"1\" data-animation-iteration=\"1\" style=\"opacity:0;\" data-opacity_start_effect=\"\">[vc_empty_space height=&#8221;25px&#8221;][vc_column_text]Drewno klejone to nowoczesny materia\u0142 konstrukcyjny, powstaj\u0105cy w zaawansowanych technologicznie procesach polegaj\u0105cych na suszeniu lameli drewna \u015bwierkowego lub sosnowego do wilgotno\u015bci 8-12 %. Nast\u0119pnie s\u0105 one sortowane, w tym procesie usuwane s\u0105 s\u0119ki i oflisy. Przesortowane lamele w zale\u017cno\u015bci od z g\u00f3ry zdefiniowanej klasy drewna s\u0105 przycinane i \u0142\u0105czone na mikrowczepy oraz sklejane. Gotowe belki struga si\u0119 i fazuje. Otrzymane w tym procesie drewno jest wytrzyma\u0142e o wysokiej stabilno\u015bci kszta\u0142tu oraz o wysokiej ognioodporno\u015bci.<\/p>\n<p>Nieograniczone mo\u017cliwo\u015bci kszta\u0142towania d\u017awigar\u00f3w, p\u0142atwi, s\u0142up\u00f3w i rygli pozwala zrealizowa\u0107 najbardziej wymy\u015blne projekty, w szczeg\u00f3lno\u015bci:<\/p>\n<p>&#8211; hale drewniane widowiskowo-sportowe<br \/>\n&#8211; hale drewniane przemys\u0142owo-produkcyjne, hale magazynowe<br \/>\n&#8211; baseny k\u0105pielowe<br \/>\n&#8211; korty tenisowe<br \/>\n&#8211; domy drewniane<br \/>\n&#8211; ogrody zimowe<br \/>\n&#8211; obiekty sakralne<br \/>\n&#8211; uje\u017cd\u017calnie<br \/>\n&#8211; sale gimnastyczne<\/p>\n<h5>Ekonomia<\/h5>\n<p>Niski ci\u0119\u017car i cechy wytrzyma\u0142o\u015bciowe materia\u0142u, jakim jest drewno sprawia, \u017ce mo\u017cemy budowa\u0107 hale magazynowe du\u017cych rozpi\u0119to\u015bciach bez podp\u00f3r po\u015brednich, co zdecydowanie poprawia u\u017cyteczno\u015b\u0107 obiekt\u00f3w, np. magazynowych, produkcyjnych itp. Dzi\u0119ki zastosowaniu obr\u00f3bki na specjalistycznych maszynach cnc monta\u017c na placu staje si\u0119 \u0142atwiejszy i szybszy, przez co budowa hal magazynowych poch\u0142ania znacznie mniejsze nak\u0142ady finansowe. Lekko\u015b\u0107 konstrukcji sprawia, \u017ce mo\u017cna zastosowa\u0107 niniejsze fundamenty oraz daje mo\u017cliwo\u015b\u0107 posadawiania budowli na niekorzystnych warunkach gruntowych.<\/p>\n<h5>Ognioodporno\u015b\u0107<\/h5>\n<p>Drewno klejone ze wzgl\u0119du na swoje w\u0142a\u015bciwo\u015bci (mianowicie nie p\u0119ka jak beton czy \u017celbeton, jak r\u00f3wnie\u017c nie ulega uplastycznieniu jak stal czy aluminium) nadaje si\u0119 \u015bwietnie do obiekt\u00f3w wymagaj\u0105cych zwi\u0119kszonej ognioodporno\u015bci. Pomimo, \u017ce hale drewniane zbudowane s\u0105 z materia\u0142u palnego, charakteryzuj\u0105 si\u0119 one wysok\u0105 odporno\u015bci\u0105 oraz bezpiecze\u0144stwem podczas po\u017caru. Spalanie drewna nie powoduje wydzielania zab\u00f3jczych dym\u00f3w i gaz\u00f3w. Odbywa si\u0119 ze sta\u0142\u0105 pr\u0119dko\u015bci\u0105 i nie na ca\u0142ym przekroju. Zw\u0119gleniu ulega jedynie sama powierzchnia konstrukcji, jej wewn\u0119trzna struktura pozostaje natomiast nienaruszona. Powsta\u0142y na powierzchni w\u0119giel skutecznie blokuje dost\u0119p tlenu, reguluj\u0105c tym samym tempo spalania. Podczas trwania po\u017caru, zw\u0119glanie post\u0119puje w g\u0142\u0105b konstrukcji, z pr\u0119dko\u015bci\u0105 ok. 40 mm na godzin\u0119. Po zapaleniu drewno nie traci od razu swojej no\u015bno\u015bci, poniewa\u017c cz\u0119\u015b\u0107 \u015brodkowa niezw\u0119glonego przekroju, przenosi obci\u0105\u017cenia.<\/p>\n<p>Zasady okre\u015blania odporno\u015bci ogniowej, pr\u0119towych konstrukcji wykonanych z drewna klejonego, znale\u017a\u0107 mo\u017cna w aprobatach technicznych. Metody obliczeniowe wykorzystuje si\u0119 wtedy, gdy podczas ogrzewania nie mamy do czynienia z rozwarstwieniem drewna klejonego. Nie wykonuj\u0105c oblicze\u0144 mo\u017cemy uzna\u0107, \u017ce odporno\u015b\u0107 ogniowa belki z litego drewna o szeroko\u015bci min. 12 cm, wynosi, R 30 (F 0,5)<\/p>\n<p>Gdy mamy do czynienia ze zbyt ma\u0142ymi przekrojami, wykorzystuje si\u0119 zabezpieczenia ogniochronne z p\u0142yt gipsowo-kartonowych lub innych, podobnie jak w przypadku konstrukcji stalowych \u2013 zgodnie z aprobatami technicznymi.<\/p>\n<p>\u015arodki ogniochronne przeznaczone do poprawy w\u0142a\u015bciwo\u015bci drewna, takie jak preparaty solne i r\u00f3\u017cnego rodzaju farby p\u0119czniej\u0105ce, z uwagi na reakcj\u0119 na ogie\u0144 nie wp\u0142ywaj\u0105 na zwi\u0119kszenie odporno\u015bci ogniowej konstrukcji.<\/p>\n<h5>Oporno\u015b\u0107 chemiczna i biologiczna<\/h5>\n<p>Jednym z etap\u00f3w procesu produkcyjnego drewna klejonego jest suszenie. Dzi\u0119ki temu nie rozwijaj\u0105 si\u0119 w nim grzyby ani owady.<\/p>\n<p>Zalety drewna widoczne s\u0105 r\u00f3wnie\u017c w obiektach o du\u017cej wilgotno\u015bci. Jest znacznie bardziej odporne na degradacj\u0119 spowodowan\u0105 oddzia\u0142ywaniem \u015brodk\u00f3w chemicznych ni\u017c inne materia\u0142y, poniewa\u017c nie poddaje si\u0119 dzia\u0142aniu soli i gaz\u00f3w.<\/p>\n<h5>Estetyka<\/h5>\n<p>Walory estetyczne s\u0105 bez w\u0105tpienia jednymi z najwi\u0119kszych atut\u00f3w drewna klejonego. Hale magazynowe, produkcyjne, domy drewniane czy inne obiekty powsta\u0142e w oparciu o tego typu rozwi\u0105zania, s\u0105 znacznie bardziej presti\u017cowe, a dodatkowo posiadaj\u0105 niepowtarzalny, ciep\u0142y klimat oraz atmosfer\u0119, wp\u0142ywaj\u0105c\u0105 na ch\u0119\u0107 przebywania w takim miejscu.[\/vc_column_text]<\/div>[\/vc_column][\/vc_row]<\/p>\n<\/section>","protected":false},"excerpt":{"rendered":"<p>[vc_row bg_type=&#8221;image&#8221; parallax_style=&#8221;vcpb-default&#8221; bg_image_new=&#8221;id^802|url^https:\/\/rb3031.s3.regiobiznes.com.pl\/wp-content\/uploads\/2023\/03\/dsc_0119_optimized.jpg|caption^null|alt^null|title^dsc_0119_optimized|description^null&#8221; bg_image_repeat=&#8221;no-repeat&#8221; bg_override=&#8221;ex-full&#8221; enable_overlay=&#8221;enable_overlay_value&#8221; overlay_color=&#8221;rgba(0,0,0,0.4)&#8221; css=&#8221;.vc_custom_1677667514796{padding-top: 50px !important;}&#8221;][vc_column][vc_empty_space height=&#8221;100px&#8221;][vc_empty_space height=&#8221;100px&#8221;][\/vc_column][\/vc_row][vc_row css=&#8221;.vc_custom_1674295365647{padding-top: 50px !important;padding-bottom: 100px !important;}&#8221;][vc_column][\/vc_column][\/vc_row]<\/p>\n","protected":false},"author":2,"featured_media":0,"parent":0,"menu_order":0,"comment_status":"closed","ping_status":"closed","template":"page.php","meta":{"footnotes":""},"class_list":["post-259","page","type-page","status-publish","hentry"],"_links":{"self":[{"href":"https:\/\/rb3031.s3.regiobiznes.com.pl\/wp-json\/wp\/v2\/pages\/259","targetHints":{"allow":["GET"]}}],"collection":[{"href":"https:\/\/rb3031.s3.regiobiznes.com.pl\/wp-json\/wp\/v2\/pages"}],"about":[{"href":"https:\/\/rb3031.s3.regiobiznes.com.pl\/wp-json\/wp\/v2\/types\/page"}],"author":[{"embeddable":true,"href":"https:\/\/rb3031.s3.regiobiznes.com.pl\/wp-json\/wp\/v2\/users\/2"}],"replies":[{"embeddable":true,"href":"https:\/\/rb3031.s3.regiobiznes.com.pl\/wp-json\/wp\/v2\/comments?post=259"}],"version-history":[{"count":10,"href":"https:\/\/rb3031.s3.regiobiznes.com.pl\/wp-json\/wp\/v2\/pages\/259\/revisions"}],"predecessor-version":[{"id":812,"href":"https:\/\/rb3031.s3.regiobiznes.com.pl\/wp-json\/wp\/v2\/pages\/259\/revisions\/812"}],"wp:attachment":[{"href":"https:\/\/rb3031.s3.regiobiznes.com.pl\/wp-json\/wp\/v2\/media?parent=259"}],"curies":[{"name":"wp","href":"https:\/\/api.w.org\/{rel}","templated":true}]}}