{"id":247,"date":"2022-05-13T14:39:20","date_gmt":"2022-05-13T14:39:20","guid":{"rendered":"https:\/\/preview.treethemes.com\/hazel\/demo15\/?page_id=247"},"modified":"2023-03-15T14:25:28","modified_gmt":"2023-03-15T14:25:28","slug":"home","status":"publish","type":"page","link":"https:\/\/rb3028.s3.regiobiznes.com.pl\/","title":{"rendered":"Start"},"content":{"rendered":"<section class=\"wpb-content-wrapper\"><p>[vc_row bg_type=&#8221;image&#8221; parallax_style=&#8221;vcpb-default&#8221; bg_image_new=&#8221;id^918|url^https:\/\/rb3028.s3.regiobiznes.com.pl\/wp-content\/uploads\/2023\/03\/glinojeck-2_optimized.jpg|caption^null|alt^null|title^glinojeck-(2)_optimized|description^null&#8221; bg_image_repeat=&#8221;no-repeat&#8221; bg_override=&#8221;ex-full&#8221; enable_overlay=&#8221;enable_overlay_value&#8221; overlay_color=&#8221;rgba(0,0,0,0.3)&#8221; css=&#8221;.vc_custom_1678286525841{padding-top: 50px !important;}&#8221;][vc_column][vc_empty_space height=&#8221;200px&#8221;]<div class=\"ult-animation  ult-animate-viewport  ult-no-mobile \" data-animate=\"fadeInUp\" data-animation-delay=\"0.3\" data-animation-duration=\"1\" data-animation-iteration=\"1\" style=\"opacity:0;\" data-opacity_start_effect=\"\">[vc_custom_heading text=&#8221;Dome International&#8221; font_container=&#8221;tag:h5|text_align:left|color:%23e0e0e0&#8243; use_theme_fonts=&#8221;yes&#8221;][vc_custom_heading text=&#8221;Magazyny Soli&#8221; font_container=&#8221;tag:h2|font_size:100|text_align:left|color:%23fcfcfc|line_height:1.25em&#8221; use_theme_fonts=&#8221;yes&#8221;]<\/div>[vc_separator color=&#8221;custom&#8221; align=&#8221;align_left&#8221; border_width=&#8221;10&#8243; el_width=&#8221;40&#8243; css_animation=&#8221;fadeInLeft&#8221; accent_color=&#8221;__USE_THEME_MAIN_COLOR__&#8221;][vc_empty_space height=&#8221;150px&#8221;][\/vc_column][\/vc_row][vc_row content_placement=&#8221;middle&#8221; css_animation=&#8221;fadeInUp&#8221; bg_type=&#8221;image&#8221; parallax_style=&#8221;vcpb-vz-jquery&#8221; parallax_sense=&#8221;3&#8243; bg_override=&#8221;ex-full&#8221;][vc_column css_animation=&#8221;none&#8221;][vc_row_inner gap=&#8221;10&#8243;][vc_column_inner width=&#8221;1\/2&#8243; css=&#8221;.vc_custom_1674310489192{padding-top: 50px !important;}&#8221;][vc_custom_heading text=&#8221;Nasza oferta&#8221; font_container=&#8221;tag:h4|text_align:left&#8221; use_theme_fonts=&#8221;yes&#8221; css_animation=&#8221;none&#8221;][vc_column_text css_animation=&#8221;none&#8221;]Firma nasza posiada w swojej ofercie kompleksowe wykonawstwo magazyn\u00f3w do sk\u0142adowania materia\u0142\u00f3w sypkich, w tym magazyn\u00f3w do sk\u0142adowania soli. Posiadamy w swojej ofercie magazyny prostok\u0105tne jak i eliptyczne. Wykonujemy magazyny od projektu do wykonawstwa pod klucz \u0142\u0105cznie z instalacj\u0105 wytwornic solanki. Nasze magazyny spe\u0142niaj\u0105 wszystkie wymogi stawiane przez Generaln\u0105 Dyrekcj\u0119 Dr\u00f3g i Autostrad. Dzi\u0119ki nie ograniczonym mo\u017cliwo\u015bci\u0105 produkcyjnym mo\u017cemy wykona\u0107 magazyn ze \u015bcian\u0105 oporowa z drewna jak i \u017celbetonow\u0105. Konstrukcja naszych magazyn\u00f3w wykonana jest z drewna klejonego i konstrukcyjnego o najwy\u017cszych parametrach. Firma nasza posiada wszystkie certyfikaty gwarantuj\u0105ce wysok\u0105 jako\u015b\u0107 jak i dopuszczenia do u\u017cytku materia\u0142\u00f3w konstrukcji i materia\u0142\u00f3w budowlanych. Ide\u0105 naszego magazynu jest w jak najmniejszym stopniu wykorzystanie po\u0142\u0105cze\u0144 stalowych na kt\u00f3re s\u00f3l ma niekorzystny wp\u0142yw. W pomieszczeniach technicznych magazynu instalujemy wytwornice chlorku wapnia i chlorku sodu. Wykorzystujemy w naszych magazynach modu\u0142owe wytwornice o najwy\u017cszych parametrach produkcyjnych.[\/vc_column_text][\/vc_column_inner][vc_column_inner width=&#8221;1\/2&#8243; css=&#8221;.vc_custom_1674310483979{padding-top: 100px !important;}&#8221;][vc_single_image image=&#8221;990&#8243; img_size=&#8221;full&#8221;][\/vc_column_inner][\/vc_row_inner][vc_empty_space height=&#8221;50px&#8221;][\/vc_column][\/vc_row]<\/p>\n<\/section>","protected":false},"excerpt":{"rendered":"<p>[vc_row bg_type=&#8221;image&#8221; parallax_style=&#8221;vcpb-default&#8221; bg_image_new=&#8221;id^918|url^https:\/\/rb3028.s3.regiobiznes.com.pl\/wp-content\/uploads\/2023\/03\/glinojeck-2_optimized.jpg|caption^null|alt^null|title^glinojeck-(2)_optimized|description^null&#8221; bg_image_repeat=&#8221;no-repeat&#8221; bg_override=&#8221;ex-full&#8221; enable_overlay=&#8221;enable_overlay_value&#8221; overlay_color=&#8221;rgba(0,0,0,0.3)&#8221; css=&#8221;.vc_custom_1678286525841{padding-top: 50px !important;}&#8221;][vc_column][vc_empty_space height=&#8221;200px&#8221;][vc_separator color=&#8221;custom&#8221; align=&#8221;align_left&#8221; border_width=&#8221;10&#8243; el_width=&#8221;40&#8243; css_animation=&#8221;fadeInLeft&#8221; accent_color=&#8221;__USE_THEME_MAIN_COLOR__&#8221;][vc_empty_space height=&#8221;150px&#8221;][\/vc_column][\/vc_row][vc_row content_placement=&#8221;middle&#8221; css_animation=&#8221;fadeInUp&#8221; bg_type=&#8221;image&#8221; parallax_style=&#8221;vcpb-vz-jquery&#8221; parallax_sense=&#8221;3&#8243; bg_override=&#8221;ex-full&#8221;][vc_column css_animation=&#8221;none&#8221;][vc_row_inner gap=&#8221;10&#8243;][vc_column_inner width=&#8221;1\/2&#8243; css=&#8221;.vc_custom_1674310489192{padding-top: 50px !important;}&#8221;][vc_custom_heading text=&#8221;Nasza oferta&#8221; font_container=&#8221;tag:h4|text_align:left&#8221; use_theme_fonts=&#8221;yes&#8221; css_animation=&#8221;none&#8221;][vc_column_text css_animation=&#8221;none&#8221;]Firma nasza posiada w swojej ofercie kompleksowe wykonawstwo magazyn\u00f3w do sk\u0142adowania materia\u0142\u00f3w sypkich, w tym magazyn\u00f3w do sk\u0142adowania soli. [&hellip;]<\/p>\n","protected":false},"author":2,"featured_media":0,"parent":0,"menu_order":0,"comment_status":"closed","ping_status":"closed","template":"template-home.php","meta":{"footnotes":""},"class_list":["post-247","page","type-page","status-publish","hentry"],"_links":{"self":[{"href":"https:\/\/rb3028.s3.regiobiznes.com.pl\/wp-json\/wp\/v2\/pages\/247","targetHints":{"allow":["GET"]}}],"collection":[{"href":"https:\/\/rb3028.s3.regiobiznes.com.pl\/wp-json\/wp\/v2\/pages"}],"about":[{"href":"https:\/\/rb3028.s3.regiobiznes.com.pl\/wp-json\/wp\/v2\/types\/page"}],"author":[{"embeddable":true,"href":"https:\/\/rb3028.s3.regiobiznes.com.pl\/wp-json\/wp\/v2\/users\/2"}],"replies":[{"embeddable":true,"href":"https:\/\/rb3028.s3.regiobiznes.com.pl\/wp-json\/wp\/v2\/comments?post=247"}],"version-history":[{"count":69,"href":"https:\/\/rb3028.s3.regiobiznes.com.pl\/wp-json\/wp\/v2\/pages\/247\/revisions"}],"predecessor-version":[{"id":1058,"href":"https:\/\/rb3028.s3.regiobiznes.com.pl\/wp-json\/wp\/v2\/pages\/247\/revisions\/1058"}],"wp:attachment":[{"href":"https:\/\/rb3028.s3.regiobiznes.com.pl\/wp-json\/wp\/v2\/media?parent=247"}],"curies":[{"name":"wp","href":"https:\/\/api.w.org\/{rel}","templated":true}]}}