{"id":691,"date":"2023-01-18T08:27:34","date_gmt":"2023-01-18T08:27:34","guid":{"rendered":"https:\/\/rb3028.s3.regiobiznes.com.pl\/?page_id=691"},"modified":"2023-03-15T14:38:53","modified_gmt":"2023-03-15T14:38:53","slug":"realizacje","status":"publish","type":"page","link":"https:\/\/rb3028.s3.regiobiznes.com.pl\/realizacje\/","title":{"rendered":"Realizacje"},"content":{"rendered":"<section class=\"wpb-content-wrapper\"><p>[vc_row bg_type=&#8221;image&#8221; parallax_style=&#8221;vcpb-default&#8221; bg_image_new=&#8221;id^928|url^https:\/\/rb3028.s3.regiobiznes.com.pl\/wp-content\/uploads\/2023\/03\/nidzica-25_optimized.jpg|caption^null|alt^null|title^nidzica-(25)_optimized|description^null&#8221; bg_image_repeat=&#8221;no-repeat&#8221; bg_override=&#8221;ex-full&#8221; enable_overlay=&#8221;enable_overlay_value&#8221; overlay_color=&#8221;rgba(0,0,0,0.25)&#8221; css=&#8221;.vc_custom_1678286835265{padding-top: 50px !important;}&#8221;][vc_column][vc_empty_space height=&#8221;100px&#8221;]<div class=\"ult-animation  ult-animate-viewport  ult-no-mobile \" data-animate=\"No Animation\" data-animation-delay=\"0.3\" data-animation-duration=\"1\" data-animation-iteration=\"1\" style=\"opacity:0;\" data-opacity_start_effect=\"\">[vc_custom_heading text=&#8221;Dome International&#8221; font_container=&#8221;tag:h5|text_align:left|color:%23e0e0e0&#8243; use_theme_fonts=&#8221;yes&#8221;][vc_custom_heading text=&#8221;Wybrane realizacje&#8221; font_container=&#8221;tag:h2|text_align:left|color:%23fcfcfc|line_height:1.25em&#8221; use_theme_fonts=&#8221;yes&#8221;]<\/div>[vc_empty_space height=&#8221;100px&#8221;][\/vc_column][\/vc_row][vc_row css=&#8221;.vc_custom_1674053022178{padding-top: 50px !important;padding-bottom: 0px !important;}&#8221;][vc_column]<div class=\"ult-animation  ult-animate-viewport  ult-no-mobile \" data-animate=\"fadeInUp\" data-animation-delay=\"0.3\" data-animation-duration=\"1\" data-animation-iteration=\"1\" style=\"opacity:0;\" data-opacity_start_effect=\"\">[vc_custom_heading text=&#8221;Magazyny Soli GLINOJECK&#8221; font_container=&#8221;tag:h5|text_align:left&#8221; use_theme_fonts=&#8221;yes&#8221;]<\/div>[\/vc_column][\/vc_row][vc_row][vc_column][vc_masonry_media_grid grid_id=&#8221;vc_gid:1678809738231-792433e4-9567-8&#8243; include=&#8221;944,945,946,947,948,949,950,951,952,953,954,955,956,957,958,959,960,961,962,963,964,965,966,967,968,969,970&#8243;][\/vc_column][\/vc_row][vc_row css=&#8221;.vc_custom_1674053022178{padding-top: 50px !important;padding-bottom: 0px !important;}&#8221;][vc_column]<div class=\"ult-animation  ult-animate-viewport  ult-no-mobile \" data-animate=\"fadeInUp\" data-animation-delay=\"0.3\" data-animation-duration=\"1\" data-animation-iteration=\"1\" style=\"opacity:0;\" data-opacity_start_effect=\"\">[vc_custom_heading text=&#8221;Magazyny Soli Grudzi\u0105dz&#8221; font_container=&#8221;tag:h5|text_align:left&#8221; use_theme_fonts=&#8221;yes&#8221;]<\/div>[\/vc_column][\/vc_row][vc_row][vc_column][vc_masonry_media_grid grid_id=&#8221;vc_gid:1678809738232-5f19b12c-9138-4&#8243; include=&#8221;974,975,976,977,978,979,980,981,982,983,984,985,986,987,988,989,990,991,992,993,994,995,996,997,998,999,1001&#8243;][\/vc_column][\/vc_row][vc_row css=&#8221;.vc_custom_1674053022178{padding-top: 50px !important;padding-bottom: 0px !important;}&#8221;][vc_column]<div class=\"ult-animation  ult-animate-viewport  ult-no-mobile \" data-animate=\"fadeInUp\" data-animation-delay=\"0.3\" data-animation-duration=\"1\" data-animation-iteration=\"1\" style=\"opacity:0;\" data-opacity_start_effect=\"\">[vc_custom_heading text=&#8221;Magazyny Soli Nidzica&#8221; font_container=&#8221;tag:h5|text_align:left&#8221; use_theme_fonts=&#8221;yes&#8221;]<\/div>[\/vc_column][\/vc_row][vc_row css=&#8221;.vc_custom_1678287702130{padding-bottom: 50px !important;}&#8221;][vc_column][vc_masonry_media_grid grid_id=&#8221;vc_gid:1678809738234-bd5a8cd6-21e4-10&#8243; include=&#8221;1003,1004,1005,1006,1007,1009,1010,1011,1012,1013,1014,1015,1016,1017,1018,1019,1020,1021&#8243;][\/vc_column][\/vc_row][vc_row disable_element=&#8221;yes&#8221; css=&#8221;.vc_custom_1678287136277{padding-top: 50px !important;padding-bottom: 0px !important;}&#8221;][vc_column]<div class=\"ult-animation  ult-animate-viewport  ult-no-mobile \" data-animate=\"fadeInUp\" data-animation-delay=\"0.3\" data-animation-duration=\"1\" data-animation-iteration=\"1\" style=\"opacity:0;\" data-opacity_start_effect=\"\">[vc_custom_heading text=&#8221;Magazyny Prostok\u0105tne&#8221; font_container=&#8221;tag:h5|text_align:center&#8221; use_theme_fonts=&#8221;yes&#8221;]<\/div>[\/vc_column][\/vc_row][vc_row full_width=&#8221;stretch_row_content_no_spaces&#8221; gap=&#8221;10&#8243; disable_element=&#8221;yes&#8221; css=&#8221;.vc_custom_1678287167890{padding-right: 50px !important;padding-left: 50px !important;}&#8221;][vc_column][vc_row_inner gap=&#8221;10&#8243;][vc_column_inner width=&#8221;1\/5&#8243;][vc_single_image image=&#8221;754&#8243; img_size=&#8221;full&#8221; onclick=&#8221;link_image&#8221;][vc_empty_space height=&#8221;5&#8243;][vc_column_text css=&#8221;.vc_custom_1674110172866{padding-top: 15px !important;padding-bottom: 5px !important;background-color: __USE_THEME_MAIN_COLOR__ !important;}&#8221;]<\/p>\n<p style=\"text-align: center;\">P-12&#215;20 Krotoszyn<\/p>\n<p>[\/vc_column_text][\/vc_column_inner][vc_column_inner width=&#8221;1\/5&#8243;][vc_single_image image=&#8221;766&#8243; img_size=&#8221;full&#8221; onclick=&#8221;link_image&#8221;][vc_empty_space height=&#8221;5&#8243;][vc_column_text css=&#8221;.vc_custom_1674052114369{padding-top: 15px !important;padding-bottom: 5px !important;background-color: __USE_THEME_MAIN_COLOR__ !important;}&#8221;]<\/p>\n<p style=\"text-align: center;\">P-14&#215;15 Milicz<\/p>\n<p>[\/vc_column_text][\/vc_column_inner][vc_column_inner width=&#8221;1\/5&#8243;][vc_single_image image=&#8221;767&#8243; img_size=&#8221;full&#8221; onclick=&#8221;link_image&#8221;][vc_empty_space height=&#8221;5&#8243;][vc_column_text css=&#8221;.vc_custom_1674052201597{padding-top: 15px !important;padding-bottom: 5px !important;background-color: __USE_THEME_MAIN_COLOR__ !important;}&#8221;]<\/p>\n<p style=\"text-align: center;\">P-16&#215;20 Wlonice<\/p>\n<p>[\/vc_column_text][\/vc_column_inner][vc_column_inner width=&#8221;1\/5&#8243;][vc_single_image image=&#8221;768&#8243; img_size=&#8221;full&#8221; onclick=&#8221;link_image&#8221;][vc_empty_space height=&#8221;5&#8243;][vc_column_text css=&#8221;.vc_custom_1674052219034{padding-top: 15px !important;padding-bottom: 5px !important;background-color: __USE_THEME_MAIN_COLOR__ !important;}&#8221;]<\/p>\n<p style=\"text-align: center;\">P-18&#215;30 Niet\u0105\u017ckowo<\/p>\n<p>[\/vc_column_text][\/vc_column_inner][vc_column_inner width=&#8221;1\/5&#8243;][vc_single_image image=&#8221;769&#8243; img_size=&#8221;full&#8221; onclick=&#8221;link_image&#8221;][vc_empty_space height=&#8221;5&#8243;][vc_column_text css=&#8221;.vc_custom_1674052159409{padding-top: 15px !important;padding-bottom: 5px !important;background-color: __USE_THEME_MAIN_COLOR__ !important;}&#8221;]<\/p>\n<p style=\"text-align: center;\">P-18&#215;35 Raczki<\/p>\n<p>[\/vc_column_text][\/vc_column_inner][\/vc_row_inner][\/vc_column][\/vc_row][vc_row disable_element=&#8221;yes&#8221; css=&#8221;.vc_custom_1678287192242{padding-top: 50px !important;padding-bottom: 0px !important;}&#8221;][vc_column]<div class=\"ult-animation  ult-animate-viewport  ult-no-mobile \" data-animate=\"fadeInUp\" data-animation-delay=\"0.3\" data-animation-duration=\"1\" data-animation-iteration=\"1\" style=\"opacity:0;\" data-opacity_start_effect=\"\">[vc_custom_heading text=&#8221;Magazyny okr\u0105g\u0142e&#8221; font_container=&#8221;tag:h5|text_align:center&#8221; use_theme_fonts=&#8221;yes&#8221;]<\/div>[\/vc_column][\/vc_row][vc_row full_width=&#8221;stretch_row_content_no_spaces&#8221; gap=&#8221;10&#8243; disable_element=&#8221;yes&#8221; css=&#8221;.vc_custom_1678287201044{padding-right: 50px !important;padding-left: 50px !important;}&#8221;][vc_column][vc_row_inner gap=&#8221;10&#8243;][vc_column_inner width=&#8221;1\/5&#8243;][vc_single_image image=&#8221;777&#8243; img_size=&#8221;full&#8221; onclick=&#8221;link_image&#8221;][vc_empty_space height=&#8221;5&#8243;][vc_column_text css=&#8221;.vc_custom_1674052307140{padding-top: 15px !important;padding-bottom: 5px !important;background-color: __USE_THEME_MAIN_COLOR__ !important;}&#8221;]<\/p>\n<p style=\"text-align: center;\">D15-3P Widawa<\/p>\n<p>[\/vc_column_text][\/vc_column_inner][vc_column_inner width=&#8221;1\/5&#8243;][vc_single_image image=&#8221;778&#8243; img_size=&#8221;full&#8221; onclick=&#8221;link_image&#8221;][vc_empty_space height=&#8221;5&#8243;][vc_column_text css=&#8221;.vc_custom_1674052241060{padding-top: 15px !important;padding-bottom: 5px !important;background-color: __USE_THEME_MAIN_COLOR__ !important;}&#8221;]<\/p>\n<p style=\"text-align: center;\">D19-3P Myszyniec<\/p>\n<p>[\/vc_column_text][\/vc_column_inner][vc_column_inner width=&#8221;1\/5&#8243;][vc_single_image image=&#8221;779&#8243; img_size=&#8221;full&#8221; onclick=&#8221;link_image&#8221;][vc_empty_space height=&#8221;5&#8243;][vc_column_text css=&#8221;.vc_custom_1674052062679{padding-top: 15px !important;padding-bottom: 5px !important;background-color: __USE_THEME_MAIN_COLOR__ !important;}&#8221;]<\/p>\n<p style=\"text-align: center;\">D21-4P Radom<\/p>\n<p>[\/vc_column_text][\/vc_column_inner][vc_column_inner width=&#8221;1\/5&#8243;][vc_single_image image=&#8221;780&#8243; img_size=&#8221;full&#8221; onclick=&#8221;link_image&#8221;][vc_empty_space height=&#8221;5&#8243;][vc_column_text css=&#8221;.vc_custom_1674052089758{padding-top: 15px !important;padding-bottom: 5px !important;background-color: __USE_THEME_MAIN_COLOR__ !important;}&#8221;]<\/p>\n<p style=\"text-align: center;\">D23-3P Wierzno Wielkie<\/p>\n<p>[\/vc_column_text][\/vc_column_inner][vc_column_inner width=&#8221;1\/5&#8243;][vc_single_image image=&#8221;781&#8243; img_size=&#8221;full&#8221; onclick=&#8221;link_image&#8221;][vc_empty_space height=&#8221;5&#8243;][vc_column_text css=&#8221;.vc_custom_1674052272367{padding-top: 15px !important;padding-bottom: 5px !important;background-color: __USE_THEME_MAIN_COLOR__ !important;}&#8221;]<\/p>\n<p style=\"text-align: center;\">D30-4P Maciej\u00f3w<\/p>\n<p>[\/vc_column_text][\/vc_column_inner][\/vc_row_inner][\/vc_column][\/vc_row][vc_row full_width=&#8221;stretch_row_content_no_spaces&#8221; gap=&#8221;10&#8243; disable_element=&#8221;yes&#8221; css=&#8221;.vc_custom_1678287209231{padding-right: 50px !important;padding-left: 50px !important;}&#8221;][vc_column][vc_row_inner gap=&#8221;10&#8243;][vc_column_inner width=&#8221;1\/5&#8243;][\/vc_column_inner][vc_column_inner width=&#8221;1\/5&#8243;][vc_single_image image=&#8221;828&#8243; img_size=&#8221;full&#8221; onclick=&#8221;link_image&#8221;][vc_empty_space height=&#8221;5&#8243;][vc_column_text css=&#8221;.vc_custom_1674051982281{padding-top: 15px !important;padding-bottom: 5px !important;background-color: __USE_THEME_MAIN_COLOR__ !important;}&#8221;]<\/p>\n<p style=\"text-align: center;\">D36-4P Wierzbna<\/p>\n<p>[\/vc_column_text][\/vc_column_inner][vc_column_inner width=&#8221;1\/5&#8243;][vc_single_image image=&#8221;829&#8243; img_size=&#8221;full&#8221; onclick=&#8221;link_image&#8221;][vc_empty_space height=&#8221;5&#8243;][vc_column_text css=&#8221;.vc_custom_1674052012136{padding-top: 15px !important;padding-bottom: 5px !important;background-color: __USE_THEME_MAIN_COLOR__ !important;}&#8221;]<\/p>\n<p style=\"text-align: center;\">D41-4P Pikutkowo<\/p>\n<p>[\/vc_column_text][\/vc_column_inner][vc_column_inner width=&#8221;1\/5&#8243;][vc_single_image image=&#8221;830&#8243; img_size=&#8221;full&#8221; onclick=&#8221;link_image&#8221;][vc_empty_space height=&#8221;5&#8243;][vc_column_text css=&#8221;.vc_custom_1674052043033{padding-top: 15px !important;padding-bottom: 5px !important;background-color: __USE_THEME_MAIN_COLOR__ !important;}&#8221;]<\/p>\n<p style=\"text-align: center;\">D50-3P Tarn\u00f3wek<\/p>\n<p>[\/vc_column_text][\/vc_column_inner][vc_column_inner width=&#8221;1\/5&#8243;][\/vc_column_inner][\/vc_row_inner][\/vc_column][\/vc_row][vc_row disable_element=&#8221;yes&#8221; css=&#8221;.vc_custom_1678287218942{padding-top: 50px !important;padding-bottom: 0px !important;}&#8221;][vc_column]<div class=\"ult-animation  ult-animate-viewport  ult-no-mobile \" data-animate=\"fadeInUp\" data-animation-delay=\"0.3\" data-animation-duration=\"1\" data-animation-iteration=\"1\" style=\"opacity:0;\" data-opacity_start_effect=\"\">[vc_custom_heading text=&#8221;Magazyny eliptyczne&#8221; font_container=&#8221;tag:h5|text_align:center&#8221; use_theme_fonts=&#8221;yes&#8221;]<\/div>[\/vc_column][\/vc_row][vc_row full_width=&#8221;stretch_row_content_no_spaces&#8221; gap=&#8221;10&#8243; disable_element=&#8221;yes&#8221; css=&#8221;.vc_custom_1678287225880{padding-right: 50px !important;padding-left: 50px !important;}&#8221;][vc_column][vc_row_inner gap=&#8221;10&#8243;][vc_column_inner width=&#8221;1\/5&#8243;][\/vc_column_inner][vc_column_inner width=&#8221;1\/5&#8243;][vc_single_image image=&#8221;832&#8243; img_size=&#8221;full&#8221; onclick=&#8221;link_image&#8221;][vc_empty_space height=&#8221;5&#8243;][vc_column_text css=&#8221;.vc_custom_1674052406771{padding-top: 15px !important;padding-bottom: 5px !important;background-color: __USE_THEME_MAIN_COLOR__ !important;}&#8221;]<\/p>\n<p style=\"text-align: center;\">DE25x32 Przylesie<\/p>\n<p>[\/vc_column_text][\/vc_column_inner][vc_column_inner width=&#8221;1\/5&#8243;][vc_single_image image=&#8221;833&#8243; img_size=&#8221;full&#8221; onclick=&#8221;link_image&#8221;][vc_empty_space height=&#8221;5&#8243;][vc_column_text css=&#8221;.vc_custom_1674052433543{padding-top: 15px !important;padding-bottom: 5px !important;background-color: __USE_THEME_MAIN_COLOR__ !important;}&#8221;]<\/p>\n<p style=\"text-align: center;\">DE29x35 Niebor\u00f3w<\/p>\n<p>[\/vc_column_text][\/vc_column_inner][vc_column_inner width=&#8221;1\/5&#8243;][vc_single_image image=&#8221;831&#8243; img_size=&#8221;full&#8221; onclick=&#8221;link_image&#8221;][vc_empty_space height=&#8221;5&#8243;][vc_column_text css=&#8221;.vc_custom_1674052360204{padding-top: 15px !important;padding-bottom: 5px !important;background-color: __USE_THEME_MAIN_COLOR__ !important;}&#8221;]<\/p>\n<p style=\"text-align: center;\">DE22x28 Bolewice<\/p>\n<p>[\/vc_column_text][\/vc_column_inner][vc_column_inner width=&#8221;1\/5&#8243;][\/vc_column_inner][\/vc_row_inner][\/vc_column][\/vc_row][vc_row disable_element=&#8221;yes&#8221; css=&#8221;.vc_custom_1678287237515{padding-top: 50px !important;padding-bottom: 0px !important;}&#8221;][vc_column]<div class=\"ult-animation  ult-animate-viewport  ult-no-mobile \" data-animate=\"fadeInUp\" data-animation-delay=\"0.3\" data-animation-duration=\"1\" data-animation-iteration=\"1\" style=\"opacity:0;\" data-opacity_start_effect=\"\">[vc_custom_heading text=&#8221;Magazyny bary\u0142kowe&#8221; font_container=&#8221;tag:h5|text_align:center&#8221; use_theme_fonts=&#8221;yes&#8221;][vc_column_text]<\/p>\n<p style=\"text-align: center;\">Do magazynowania olbrzymich ilo\u015bci materia\u0142\u00f3w sypkich oferujemy obiekty o kszta\u0142cie &#8222;bary\u0142ki&#8221;, b\u0105d\u017a kombinacje obiekt\u00f3w o r\u00f3\u017cnej bryle. Zwi\u0119kszenie pojemno\u015bci magazynu okr\u0105g\u0142ego osi\u0105ga si\u0119 poprzez &#8222;przeci\u0119cie&#8221; na p\u00f3\u0142 i rozsuni\u0119cie do po\u017c\u0105danej d\u0142ugo\u015bci.<br \/>\nW Chicago, zu\u017cywaj\u0105cym rocznie ok. 250.000 ton soli drogowej opr\u00f3cz wielu mniejszych obiekt\u00f3w w kszta\u0142cie kopu\u0142y zainstalowane s\u0105 cztery magazyny bary\u0142kowe o pojemno\u015bciach od 25.000 do 55.000 ton.<br \/>\nNa odcinku prostoliniowym konstrukcja dachowa wsparta jest na drewnianych d\u017awigarach klejonych zapewniaj\u0105cych mo\u017cliwo\u015b\u0107 podwieszenia przeno\u015bnik\u00f3w ta\u015bmowych.<br \/>\nZastosowanie ruchomych przegr\u00f3d umo\u017cliwia sk\u0142adowanie r\u00f3\u017cnych materia\u0142\u00f3w w magazynie i zmian\u0119 ilo\u015bci magazynowanych materia\u0142\u00f3w.<\/p>\n<p>[\/vc_column_text]<\/div>[\/vc_column][\/vc_row][vc_row disable_element=&#8221;yes&#8221; css=&#8221;.vc_custom_1678287245428{padding-top: 50px !important;padding-bottom: 75px !important;}&#8221;][vc_column]<div class=\"ult-animation  ult-animate-viewport  ult-no-mobile \" data-animate=\"fadeInUp\" data-animation-delay=\"0.3\" data-animation-duration=\"1\" data-animation-iteration=\"1\" style=\"opacity:0;\" data-opacity_start_effect=\"\">[vc_custom_heading text=&#8221;Terminale magazynowo &#8211; prze\u0142adunkowe&#8221; font_container=&#8221;tag:h5|text_align:center&#8221; use_theme_fonts=&#8221;yes&#8221;][vc_column_text]<\/p>\n<p style=\"text-align: center;\">Do magazynowania olbrzymich ilo\u015bci materia\u0142\u00f3w sypkich takich jak: nawozy sztuczne, popio\u0142y lotne, s\u00f3l i inne, budowane s\u0105 systemy magazynowe bazuj\u0105ce na magazynach okr\u0105g\u0142ych lub &#8222;bary\u0142kach&#8221;.<br \/>\nMagazyny te s\u0105 nape\u0142niane przeno\u015bnikami ta\u015bmowymi lub pneumatycznymi.<\/p>\n<p style=\"text-align: center;\">Magazyn soli z systemem ta\u015bmowego za\u0142adunku wybudowali\u015bmy w 1998r. dla Zak\u0142ad\u00f3w Azotowych &#8222;ANWIL&#8221; we W\u0142oc\u0142awku (zdj\u0119cia obok).<br \/>\nTerminale takie funkcjonuj\u0105 od wielu lat, doskonale spe\u0142niaj\u0105c zadania prze\u0142adunkowe lub produkcyjno-prze\u0142adunkowe.<br \/>\nNajwi\u0119kszy z magazyn\u00f3w o kszta\u0142cie bary\u0142ki o wymiarach 180m x 50m x 28m o pojemno\u015bci 100.000T zosta\u0142 wybudowany w Nigerii.<br \/>\nW przypadku skupisk promieniowo rozmieszczonych kopu\u0142 &#8211; co zastosowano w porcie chemicznym Contrecouer, w Kanadzie, jedna centralna magistrala mo\u017ce zasila\u0107 wiele magazyn\u00f3w za pomoc\u0105 obrotowego ramienia zasypuj\u0105cego.<\/p>\n<p style=\"text-align: center;\">Terminale prze\u0142adunkowe budowane s\u0105 na nabrze\u017cach port\u00f3w rzecznych i morskich. Umo\u017cliwiaj\u0105 one skompensowanie r\u00f3\u017cnic w szybko\u015bci dostaw materia\u0142\u00f3w transportem kolejowym lub samochodowym oraz prze\u0142adunku na statki przeno\u015bnikami o olbrzymiej wydajno\u015bci. Pozwala to na zminimalizowanie czasu postoju statk\u00f3w w portach.<\/p>\n<p>[\/vc_column_text]<\/div>[\/vc_column][\/vc_row]<\/p>\n<\/section>","protected":false},"excerpt":{"rendered":"<p>[vc_row bg_type=&#8221;image&#8221; parallax_style=&#8221;vcpb-default&#8221; bg_image_new=&#8221;id^928|url^https:\/\/rb3028.s3.regiobiznes.com.pl\/wp-content\/uploads\/2023\/03\/nidzica-25_optimized.jpg|caption^null|alt^null|title^nidzica-(25)_optimized|description^null&#8221; bg_image_repeat=&#8221;no-repeat&#8221; bg_override=&#8221;ex-full&#8221; enable_overlay=&#8221;enable_overlay_value&#8221; overlay_color=&#8221;rgba(0,0,0,0.25)&#8221; css=&#8221;.vc_custom_1678286835265{padding-top: 50px !important;}&#8221;][vc_column][vc_empty_space height=&#8221;100px&#8221;][vc_empty_space height=&#8221;100px&#8221;][\/vc_column][\/vc_row][vc_row css=&#8221;.vc_custom_1674053022178{padding-top: 50px !important;padding-bottom: 0px !important;}&#8221;][vc_column][\/vc_column][\/vc_row][vc_row][vc_column][vc_masonry_media_grid grid_id=&#8221;vc_gid:1678809738231-792433e4-9567-8&#8243; include=&#8221;944,945,946,947,948,949,950,951,952,953,954,955,956,957,958,959,960,961,962,963,964,965,966,967,968,969,970&#8243;][\/vc_column][\/vc_row][vc_row css=&#8221;.vc_custom_1674053022178{padding-top: 50px !important;padding-bottom: 0px !important;}&#8221;][vc_column][\/vc_column][\/vc_row][vc_row][vc_column][vc_masonry_media_grid grid_id=&#8221;vc_gid:1678809738232-5f19b12c-9138-4&#8243; include=&#8221;974,975,976,977,978,979,980,981,982,983,984,985,986,987,988,989,990,991,992,993,994,995,996,997,998,999,1001&#8243;][\/vc_column][\/vc_row][vc_row css=&#8221;.vc_custom_1674053022178{padding-top: 50px !important;padding-bottom: 0px !important;}&#8221;][vc_column][\/vc_column][\/vc_row][vc_row css=&#8221;.vc_custom_1678287702130{padding-bottom: 50px !important;}&#8221;][vc_column][vc_masonry_media_grid grid_id=&#8221;vc_gid:1678809738234-bd5a8cd6-21e4-10&#8243; include=&#8221;1003,1004,1005,1006,1007,1009,1010,1011,1012,1013,1014,1015,1016,1017,1018,1019,1020,1021&#8243;][\/vc_column][\/vc_row][vc_row disable_element=&#8221;yes&#8221; css=&#8221;.vc_custom_1678287136277{padding-top: 50px !important;padding-bottom: 0px !important;}&#8221;][vc_column][\/vc_column][\/vc_row][vc_row full_width=&#8221;stretch_row_content_no_spaces&#8221; gap=&#8221;10&#8243; disable_element=&#8221;yes&#8221; css=&#8221;.vc_custom_1678287167890{padding-right: 50px !important;padding-left: 50px !important;}&#8221;][vc_column][vc_row_inner gap=&#8221;10&#8243;][vc_column_inner width=&#8221;1\/5&#8243;][vc_single_image image=&#8221;754&#8243; img_size=&#8221;full&#8221; [&hellip;]<\/p>\n","protected":false},"author":1,"featured_media":0,"parent":0,"menu_order":0,"comment_status":"closed","ping_status":"closed","template":"page.php","meta":{"footnotes":""},"class_list":["post-691","page","type-page","status-publish","hentry"],"_links":{"self":[{"href":"https:\/\/rb3028.s3.regiobiznes.com.pl\/wp-json\/wp\/v2\/pages\/691","targetHints":{"allow":["GET"]}}],"collection":[{"href":"https:\/\/rb3028.s3.regiobiznes.com.pl\/wp-json\/wp\/v2\/pages"}],"about":[{"href":"https:\/\/rb3028.s3.regiobiznes.com.pl\/wp-json\/wp\/v2\/types\/page"}],"author":[{"embeddable":true,"href":"https:\/\/rb3028.s3.regiobiznes.com.pl\/wp-json\/wp\/v2\/users\/1"}],"replies":[{"embeddable":true,"href":"https:\/\/rb3028.s3.regiobiznes.com.pl\/wp-json\/wp\/v2\/comments?post=691"}],"version-history":[{"count":73,"href":"https:\/\/rb3028.s3.regiobiznes.com.pl\/wp-json\/wp\/v2\/pages\/691\/revisions"}],"predecessor-version":[{"id":1028,"href":"https:\/\/rb3028.s3.regiobiznes.com.pl\/wp-json\/wp\/v2\/pages\/691\/revisions\/1028"}],"wp:attachment":[{"href":"https:\/\/rb3028.s3.regiobiznes.com.pl\/wp-json\/wp\/v2\/media?parent=691"}],"curies":[{"name":"wp","href":"https:\/\/api.w.org\/{rel}","templated":true}]}}