{"id":693,"date":"2023-01-18T08:28:38","date_gmt":"2023-01-18T08:28:38","guid":{"rendered":"https:\/\/rb3028.s3.regiobiznes.com.pl\/?page_id=693"},"modified":"2023-03-17T09:34:24","modified_gmt":"2023-03-17T09:34:24","slug":"baza-wiedzy","status":"publish","type":"page","link":"https:\/\/rb3028.s3.regiobiznes.com.pl\/baza-wiedzy\/","title":{"rendered":"Baza wiedzy"},"content":{"rendered":"<section class=\"wpb-content-wrapper\"><p>[vc_row bg_type=&#8221;image&#8221; parallax_style=&#8221;vcpb-default&#8221; bg_image_new=&#8221;id^920|url^https:\/\/rb3028.s3.regiobiznes.com.pl\/wp-content\/uploads\/2023\/03\/glinojeck-6_optimized.jpg|caption^null|alt^null|title^glinojeck-(6)_optimized|description^null&#8221; bg_image_repeat=&#8221;no-repeat&#8221; bg_override=&#8221;ex-full&#8221; enable_overlay=&#8221;enable_overlay_value&#8221; overlay_color=&#8221;rgba(0,0,0,0.25)&#8221; css=&#8221;.vc_custom_1678286680784{padding-top: 50px !important;}&#8221;][vc_column][vc_empty_space height=&#8221;100px&#8221;]<div class=\"ult-animation  ult-animate-viewport  ult-no-mobile \" data-animate=\"fadeInUp\" data-animation-delay=\"0.3\" data-animation-duration=\"1\" data-animation-iteration=\"1\" style=\"opacity:0;\" data-opacity_start_effect=\"\">[vc_custom_heading text=&#8221;Dome International&#8221; font_container=&#8221;tag:h5|text_align:left|color:%23e0e0e0&#8243; use_theme_fonts=&#8221;yes&#8221;][vc_custom_heading text=&#8221;Baza wiedzy&#8221; font_container=&#8221;tag:h2|text_align:left|color:%23fcfcfc|line_height:1.25em&#8221; use_theme_fonts=&#8221;yes&#8221;]<\/div>[vc_empty_space height=&#8221;100px&#8221;][\/vc_column][\/vc_row][vc_row css=&#8221;.vc_custom_1679043823062{padding-top: 50px !important;padding-bottom: 50px !important;}&#8221;][vc_column]<div class=\"ult-animation  ult-animate-viewport  ult-no-mobile \" data-animate=\"fadeInUp\" data-animation-delay=\"0.3\" data-animation-duration=\"1\" data-animation-iteration=\"1\" style=\"opacity:0;\" data-opacity_start_effect=\"\">[vc_custom_heading text=&#8221;SYSTEM MAGAZYNOWANIA&#8221; font_container=&#8221;tag:h5|text_align:left&#8221; use_theme_fonts=&#8221;yes&#8221;][vc_empty_space height=&#8221;25px&#8221;][vc_column_text]NAJPOWSZECHNIEJ W POLSCE I NA \u015aWIECIE STOSOWANY, NAJBARDZIEJ EKOLOGICZNY, EFEKTYWNY I NIEZAWODNY,<br \/>\njaki kiedykolwiek opracowano.<\/p>\n<p>Rozwi\u0105zanie stacjonarnych &#8211; \u017celbetowo-drewnianych magazyn\u00f3w typu DOMAR zosta\u0142o opracowane w 1947 roku w Montrealu. Do 2012 roku w tym systemie na \u015bwiecie wybudowano przesz\u0142o 7000 obiekt\u00f3w.<br \/>\nW Europie budowane s\u0105 magazyny oznakowane znakiem towarowym EURODOME\u00ae &#8211; nieznacznie zmodyfikowane w stosunku do magazyn\u00f3w budowanych w P\u0142n. Ameryce typu DOMAR.<\/p>\n<p>Obiekty typu DOMAR i EURODOME charakteryzuj\u0105 si\u0119 drewnianym dachem w kszta\u0142cie kopu\u0142y (z ang. dome) posadowionym na bezfundamentowym, pier\u015bcieniowym, \u017celbetowym murze oporowym.<br \/>\nMagazyny \u201eEURODOME\u201d\u00ae s\u0105 dopuszczone do stosowania w Polsce przez Instytut Techniki Budowlanej w Warszawie pod warunkiem stosowania zaprojektowanych i wykonanych konstrukcji dachowych w zak\u0142adzie zwartym firmy DOMEUROPA Ltd (W. Brytania), posiadaj\u0105cym certyfikat ISO 9001:2000 oraz ich budowy wy\u0142\u0105cznie przez przeszkolone w tej technologii ekipy budowlane.<br \/>\nGrupa \u201eDome International\u201d jest wy\u0142\u0105cznym licencjobiorc\u0105 i dystrybutorem systemu EURODOME \u00ae na terenie wschodniej i \u015brodkowej Europy, oferuj\u0105c zaprojektowanie i wykonawstwo \u201epod klucz\u201d.<\/p>\n<p>Rozwi\u0105zanie EURODOME\u00ae jest chronione wieloma patentami, obowi\u0105zuj\u0105cymi m.in. w Polsce. Na \u017celbetowym, bezfundamentowym murze oporowym, posadowionym bezpo\u015brednio na asfalcie montuje si\u0119 prefabrykowany, drewniany dach w kszta\u0142cie kopu\u0142y. Dzi\u0119ki temu budowa trwa kilkakrotnie kr\u00f3cej ni\u017c wykonywana metod\u0105 tradycyjn\u0105 i koszt wykonania jest kilkakrotnie ni\u017cszy. Kompletne konstrukcje dachowe wykonywane s\u0105 w zak\u0142adzie zwartym firmy DOMEUROPA Ltd (W.Bryt.) i oraz w przypadku magazyn\u00f3w prostok\u0105tnych\u2014 w Polsce i dostarczane na plac budowy w systemie ,just in time\u201d.<br \/>\nTechnologia wykonywania jest identyczna dla wszystkich obiekt\u00f3w \u2014zar\u00f3wno ma\u0142ych, jak i ogromnych, w rzucie &#8211; okr\u0105g\u0142ych i eliptycznych oraz prostok\u0105tnych. W szczeg\u00f3lnych przypadkach (np. trzech umiejscowionych ko\u0142o siebie bram) konstrukcje dachowe s\u0105 wzmacniane d\u017awigarami z drewna klejonego &#8211; wymaga to jednak\u017ce stosowania masywnych podziemnych<br \/>\n\u017celbetowych konstrukcji no\u015bnych.<\/p>\n<p>W okresie 1996-2013 Grupa Dome International wybudowa\u0142a w Polsce 177 magazyn\u00f3w soli o \u0142\u0105cznej pojemno\u015bci oko\u0142o 340 000 Ton oraz 30 w Rosji. G\u0142\u00f3wnymi u\u017cytkownikami tych magazyn\u00f3w s\u0105 GDDKiA, zarz\u0105dy dr\u00f3g wojew\u00f3dzkich, operatorzy autostrad oraz miejskie przedsi\u0119biorstwa komunalne.<\/p>\n<p>Przy drogach krajowych i samorz\u0105dowych eksploatuje si\u0119 g\u0142\u00f3wnie magazyny EURODOME o pojemno\u015bciach 800, 1000, 1400 lub 2000T &#8211; g\u0142\u00f3wnie jednobramowe, w rzucie \u201eokr\u0105g\u0142e\u201d (wielok\u0105ty opisane na okr\u0119gu).<br \/>\nW przedsi\u0119biorstwach komunalnych w Polsce stosuje si\u0119 magazyny o pojemno\u015bciach od 1000 do 5000T.<\/p>\n<p>Na obwodach utrzymania autostrad w Polsce eksploatuje si\u0119 magazyny wi\u0119ksze \u2014 pojemno\u015bciach od 2500 do 7500T. S\u0105 to jedno-, dwu- i trzybramowe magazyny \u201eeliptyczne\u201d i \u201eokr\u0105g\u0142e\u201d.<br \/>\nW przypadku magazyn\u00f3w o pojemno\u015bciach powy\u017cej 4500T stosuje si\u0119 dwubramowe (trzybramowe) magazyny okr\u0105g\u0142e \u2014 najwi\u0119ksze z nich typu D4l o pojemno\u015bci 7500T z wewn\u0119trznymi stacjami solanek wybudowano przy Al na obwodach utrzymania \u015awierklany i Pikutkowo. Na Obwodzie autostrady A8 we Wroc\u0142awiu wybudowano magazyn soli wraz z drewnianym silosem o pojemno\u015bci 150m3 oraz stacj\u0105 wytwarzania solanek.[\/vc_column_text][vc_row_inner gap=&#8221;20&#8243; css=&#8221;.vc_custom_1679044147037{padding-top: 20px !important;}&#8221;][vc_column_inner width=&#8221;1\/3&#8243;][vc_single_image image=&#8221;1072&#8243; img_size=&#8221;full&#8221; alignment=&#8221;center&#8221;][\/vc_column_inner][vc_column_inner width=&#8221;1\/3&#8243;][vc_single_image image=&#8221;1073&#8243; img_size=&#8221;full&#8221; alignment=&#8221;center&#8221;][\/vc_column_inner][vc_column_inner width=&#8221;1\/3&#8243;][vc_single_image image=&#8221;1074&#8243; img_size=&#8221;full&#8221; alignment=&#8221;center&#8221;][\/vc_column_inner][\/vc_row_inner]<\/div>[\/vc_column][\/vc_row][vc_row full_width=&#8221;stretch_row&#8221; css=&#8221;.vc_custom_1679044282937{padding-top: 50px !important;padding-bottom: 50px !important;background-color: #f7f7f7 !important;}&#8221;][vc_column]<div class=\"ult-animation  ult-animate-viewport  ult-no-mobile \" data-animate=\"fadeInUp\" data-animation-delay=\"0.3\" data-animation-duration=\"1\" data-animation-iteration=\"1\" style=\"opacity:0;\" data-opacity_start_effect=\"\">[vc_custom_heading text=&#8221;CHARAKTERYSTYKA TECHNICZNO-FUNKCJONALNA&#8221; font_container=&#8221;tag:h5|text_align:left&#8221; use_theme_fonts=&#8221;yes&#8221;][vc_empty_space height=&#8221;25px&#8221;][vc_column_text]<strong>&#8211; Ci\u0105g\u0142y dost\u0119p do suchej i sypkiej soli<\/strong><\/p>\n<p>Drewniany dach w kszta\u0142cie kopu\u0142y i zwi\u0105zany z tym brak kondensacji oraz efektywny system wentylacji grawitacyjnej \u2014 dzi\u0119ki efektowi kominowemu uniemo\u017cliwiaj\u0105 kondensacj\u0119 i zapewniaj\u0105 ci\u0105g\u0142e utrzymywanie soli w stanie suchym i sypkim. Potwierdzona przez niezale\u017cne instytuty w r\u00f3\u017cnych ekstremalnych klimatach (Rosja- Petersburg, Wielka Brytania \u2014 wybrze\u017ce oceanu ) oraz w Polsce.<br \/>\nSta\u0142a zawarto\u015b\u0107 wilgoci nie przekracza 2% mimo, \u017ce na zewn\u0105trz magazynu w powietrzu osi\u0105ga nawet do 95%!!!<br \/>\nDzi\u0119ki temu mo\u017cliwe jest bardzo efektywne i ekonomiczne prowadzenie akcji zimowej. S\u00f3l mo\u017cna bardzo precyzyjnie rozsypywa\u0107 z minimalnymi dawkami oraz nie dochodzi do wstrzymywania pracy solarek z powodu zamarzania soli na ta\u015bmie podaj\u0105cej. Pobieranie \u0142adowarkami czo\u0142owymi soli z wysokiej pryzmy od do\u0142u nie zagra\u017ca ani pracownikom obs\u0142ugi ani sprz\u0119towi, gdy\u017c s\u00f3l nie zawiesza si\u0119 i nie tworzy nawis\u00f3w.<\/p>\n<p><strong>&#8211; Ekologia<\/strong><\/p>\n<p>Bezfundamentowa \u015bciana oporowa, posadowiona bezpo\u015brednio na asfaltowym pod\u0142o\u017cu uniemo\u017cliwia przedostawanie si\u0119 soli do gruntu i w\u00f3d gruntowych. Obiekty te s\u0105 kwalifikowane do grupy przedsi\u0119wzi\u0119\u0107 nie powoduj\u0105cych zagro\u017cenia dla \u015brodowiska naturalnego i nie wymagaj\u0105 sporz\u0105dzania raportu oddzia\u0142ywania na \u015brodowisko.<br \/>\nRozwi\u0105zania DOMAR-EURODOME s\u0105 dopuszczone do stosowania na terenie park\u00f3w narodowych i bezpo\u015brednim s\u0105siedztwie wielkich skupisk ludzkich oraz zbiornik\u00f3w wodnych i \u017ar\u00f3de\u0142 poboru wody. Dzi\u0119ki bardzo przestrzennej bezpodporowej bryle dachowej oraz wysokiej na 8,5-10m, bramie wjazdowej roz\u0142adunek soli dokonywany jest ca\u0142kowicie wewn\u0105trz magazynu, eliminuj\u0105c zagro\u017cenie dla \u015brodowiska naturalnego.<\/p>\n<p><strong>&#8211; Efektywne wykorzystanie terenu i pojemno\u015bci magazynowej<\/strong><\/p>\n<p>Wysoka bry\u0142a budynku i wielka brama wjazdowa pozwalaj\u0105 na wjazd, roz\u0142adunek i za\u0142adunek wewn\u0105trz obiektu najwi\u0119kszych, dopuszczonych do ruchu wielkotona\u017cowych ci\u0119\u017car\u00f3wek, jak r\u00f3wnie\u017c ( w przypadku obiekt\u00f3w ) zestaw\u00f3w z przyczepami wysypuj\u0105cymi na boki. Kopu\u0142owe ukszta\u0142towanie dachu magazynu zapewnia swobodne wysypywanie soli bezpo\u015brednio przy \u015bcianie oporowej Dzi\u0119ki temu na ma\u0142ej powierzchni mo\u017cna magazynowa\u0107 olbrzymie ilo\u015bci soli. Formowanie pryzmy przy u\u017cyciu \u0142adowarek czo\u0142owych z teleskopow\u0105 \u0142y\u017ck\u0105 znacz\u0105co przyspiesza i zmniejsza koszty formowania pryzmy.<\/p>\n<p><strong>&#8211; Bezpiecze\u0144stwo i trwa\u0142o\u015b\u0107 co najmniej 25 lat.<\/strong><\/p>\n<p>Zastosowana konstrukcja i technologia budowy obiekt\u00f3w DOMAR-EURODOME zosta\u0142y zweryfikowane przy u\u017cyciu nowoczesnych system\u00f3w obliczeniowych z wykorzystaniem analizy element\u00f3w sko\u0144czonych MES oraz praktycznie &#8211; b\u0119d\u0105c poddanym wieloletniemu oddzia\u0142ywaniu znacznych ilo\u015bci \u015bniegu oraz huraganowym wiatrom o pr\u0119dko\u015bci dochodz\u0105cej do 190 km\/godz. Pokrycie dach\u00f3wkami bitumicznymi lub dach\u00f3wkopodobnej papy rolowanej 3D na pod\u0142o\u017cu z papy izolacyjnej zapewnia d\u0142ugoletni\u0105 bezobs\u0142ugow\u0105 eksploatacji. Najstarsze spo\u015br\u00f3d magazyn\u00f3w wykonywanych dok\u0142adnie t\u0105 sam\u0105 metod\u0105 co obecnie s\u0105 eksploatowane w Kanadzie i USA od przesz\u0142o 60 lat, a w Polsce od 1996 roku.[\/vc_column_text]<\/div>[\/vc_column][\/vc_row][vc_row css=&#8221;.vc_custom_1679044447020{padding-top: 50px !important;padding-bottom: 50px !important;}&#8221;][vc_column]<div class=\"ult-animation  ult-animate-viewport  ult-no-mobile \" data-animate=\"fadeInUp\" data-animation-delay=\"0.3\" data-animation-duration=\"1\" data-animation-iteration=\"1\" style=\"opacity:0;\" data-opacity_start_effect=\"\">[vc_custom_heading text=&#8221;TYPY MAGAZYN\u00d3W&#8221; font_container=&#8221;tag:h5|text_align:left&#8221; use_theme_fonts=&#8221;yes&#8221;][vc_empty_space height=&#8221;25px&#8221;][vc_column_text]Oferowane s\u0105 magazyny w rzucie \u201eokr\u0105g\u0142e\u201d i \u201eeliptyczne\u201d(wielok\u0105ty opisane na okr\u0119gu lub elipsie), \u201ebary\u0142kowe\u201d oraz prostok\u0105tne \u2014 modu\u0142owe &#8211; z mo\u017cliwo\u015bci\u0105 ich przed\u0142u\u017cania w celu zwi\u0119kszania pojemno\u015bci.[\/vc_column_text]<\/div>[\/vc_column][\/vc_row][vc_row full_width=&#8221;stretch_row&#8221; css=&#8221;.vc_custom_1679044282937{padding-top: 50px !important;padding-bottom: 50px !important;background-color: #f7f7f7 !important;}&#8221;][vc_column]<div class=\"ult-animation  ult-animate-viewport  ult-no-mobile \" data-animate=\"fadeInUp\" data-animation-delay=\"0.3\" data-animation-duration=\"1\" data-animation-iteration=\"1\" style=\"opacity:0;\" data-opacity_start_effect=\"\">[vc_custom_heading text=&#8221;CHARAKTERYSTYKA MAGAZYN\u00d3W PROSTOK\u0104TNYCH W RZUCIE&#8221; font_container=&#8221;tag:h5|text_align:left&#8221; use_theme_fonts=&#8221;yes&#8221;][vc_empty_space height=&#8221;25px&#8221;][vc_single_image image=&#8221;1080&#8243; img_size=&#8221;LARGE&#8221; alignment=&#8221;center&#8221; onclick=&#8221;link_image&#8221;]<\/div>[\/vc_column][\/vc_row]<\/p>\n<\/section>","protected":false},"excerpt":{"rendered":"<p>[vc_row bg_type=&#8221;image&#8221; parallax_style=&#8221;vcpb-default&#8221; bg_image_new=&#8221;id^920|url^https:\/\/rb3028.s3.regiobiznes.com.pl\/wp-content\/uploads\/2023\/03\/glinojeck-6_optimized.jpg|caption^null|alt^null|title^glinojeck-(6)_optimized|description^null&#8221; bg_image_repeat=&#8221;no-repeat&#8221; bg_override=&#8221;ex-full&#8221; enable_overlay=&#8221;enable_overlay_value&#8221; overlay_color=&#8221;rgba(0,0,0,0.25)&#8221; css=&#8221;.vc_custom_1678286680784{padding-top: 50px !important;}&#8221;][vc_column][vc_empty_space height=&#8221;100px&#8221;][vc_empty_space height=&#8221;100px&#8221;][\/vc_column][\/vc_row][vc_row css=&#8221;.vc_custom_1679043823062{padding-top: 50px !important;padding-bottom: 50px !important;}&#8221;][vc_column][\/vc_column][\/vc_row][vc_row full_width=&#8221;stretch_row&#8221; css=&#8221;.vc_custom_1679044282937{padding-top: 50px !important;padding-bottom: 50px !important;background-color: #f7f7f7 !important;}&#8221;][vc_column][\/vc_column][\/vc_row][vc_row css=&#8221;.vc_custom_1679044447020{padding-top: 50px !important;padding-bottom: 50px !important;}&#8221;][vc_column][\/vc_column][\/vc_row][vc_row full_width=&#8221;stretch_row&#8221; css=&#8221;.vc_custom_1679044282937{padding-top: 50px !important;padding-bottom: 50px !important;background-color: #f7f7f7 !important;}&#8221;][vc_column][\/vc_column][\/vc_row]<\/p>\n","protected":false},"author":1,"featured_media":0,"parent":0,"menu_order":0,"comment_status":"closed","ping_status":"closed","template":"page.php","meta":{"footnotes":""},"class_list":["post-693","page","type-page","status-publish","hentry"],"_links":{"self":[{"href":"https:\/\/rb3028.s3.regiobiznes.com.pl\/wp-json\/wp\/v2\/pages\/693","targetHints":{"allow":["GET"]}}],"collection":[{"href":"https:\/\/rb3028.s3.regiobiznes.com.pl\/wp-json\/wp\/v2\/pages"}],"about":[{"href":"https:\/\/rb3028.s3.regiobiznes.com.pl\/wp-json\/wp\/v2\/types\/page"}],"author":[{"embeddable":true,"href":"https:\/\/rb3028.s3.regiobiznes.com.pl\/wp-json\/wp\/v2\/users\/1"}],"replies":[{"embeddable":true,"href":"https:\/\/rb3028.s3.regiobiznes.com.pl\/wp-json\/wp\/v2\/comments?post=693"}],"version-history":[{"count":20,"href":"https:\/\/rb3028.s3.regiobiznes.com.pl\/wp-json\/wp\/v2\/pages\/693\/revisions"}],"predecessor-version":[{"id":1081,"href":"https:\/\/rb3028.s3.regiobiznes.com.pl\/wp-json\/wp\/v2\/pages\/693\/revisions\/1081"}],"wp:attachment":[{"href":"https:\/\/rb3028.s3.regiobiznes.com.pl\/wp-json\/wp\/v2\/media?parent=693"}],"curies":[{"name":"wp","href":"https:\/\/api.w.org\/{rel}","templated":true}]}}